{"id":62,"date":"2019-05-22T10:19:40","date_gmt":"2019-05-22T09:19:40","guid":{"rendered":"https:\/\/fff-consulting.com\/?page_id=62"},"modified":"2020-01-16T00:49:32","modified_gmt":"2020-01-15T23:49:32","slug":"why-consulting","status":"publish","type":"page","link":"https:\/\/fff-consulting.com\/de\/why-consulting","title":{"rendered":"Wof\u00fcr ein Berater?"},"content":{"rendered":"\n<ul style=\"list-style-type: square;\">\n<li style=\"text-align: justify;\">Sie sind ein <strong>KMU<\/strong> und m\u00f6chten eine digitale Transformation durchf\u00fchren.<\/li>\n<\/ul>\n<p style=\"text-align: justify;\">Wie gut ist Ihre digitale Strategie?<br \/>M\u00f6chten Sie bestehende Dienste transformieren oder neue definieren?<br \/>M\u00fcssen Sie den Markt erkunden, um neue technische L\u00f6sungen zu finden?<\/p>\n<ul style=\"list-style-type: square; text-align: justify;\">\n<li>Sie sind ein <strong>Startup<\/strong> und m\u00f6chten ein Produkt auf den Markt bringen.<\/li>\n<\/ul>\n<p style=\"text-align: justify;\">Wie stark ist Ihr Alleinstellungsmerkmal?<br \/>M\u00fcssen Sie neue Produkte einf\u00fchren und verwalten?<\/p>\n<p style=\"text-align: justify;\">\u00a0<\/p>\n<p style=\"text-align: justify;\">Wenn Sie sich eine dieser Fragen stellen und eine unabh\u00e4ngige wirtschaftliche und technische Expertise ben\u00f6tigen oder einfach nicht \u00fcber die internen Ressourcen mit den notwendigen Kompetenzen verf\u00fcgen, schlage ich vor, dass wir miteinander in Kontakt treten!<\/p>\n","protected":false},"excerpt":{"rendered":"<p>Sie sind ein KMU und m\u00f6chten eine digitale Transformation durchf\u00fchren. Wie gut ist Ihre digitale Strategie?M\u00f6chten Sie bestehende Dienste transformieren oder neue definieren?M\u00fcssen Sie den Markt erkunden, um neue technische L\u00f6sungen zu finden? Sie sind ein Startup und m\u00f6chten ein Produkt auf den Markt bringen. Wie stark ist Ihr Alleinstellungsmerkmal?M\u00fcssen Sie neue Produkte einf\u00fchren und &hellip; <\/p>\n<p class=\"link-more\"><a href=\"https:\/\/fff-consulting.com\/de\/why-consulting\" class=\"more-link\">Continue reading<span class=\"screen-reader-text\"> &#8220;Wof\u00fcr ein Berater?&#8221;<\/span><\/a><\/p>\n","protected":false},"author":1,"featured_media":0,"parent":0,"menu_order":0,"comment_status":"closed","ping_status":"closed","template":"","meta":{"footnotes":""},"translation":{"provider":"WPGlobus","version":"3.0.2","language":"de","enabled_languages":["en","de","fr"],"languages":{"en":{"title":true,"content":true,"excerpt":false},"de":{"title":true,"content":true,"excerpt":false},"fr":{"title":true,"content":true,"excerpt":false}}},"yoast_head":"<!-- This site is optimized with the Yoast SEO plugin v24.5 - https:\/\/yoast.com\/wordpress\/plugins\/seo\/ -->\n<title>Wof\u00fcr ein Berater? - \u222b\u222b\u222b-consulting<\/title>\n<meta name=\"robots\" content=\"index, follow, max-snippet:-1, max-image-preview:large, max-video-preview:-1\" \/>\n<link rel=\"canonical\" href=\"https:\/\/fff-consulting.com\/why-consulting\" \/>\n<meta property=\"og:locale\" content=\"de_DE\" \/>\n<meta property=\"og:type\" content=\"article\" \/>\n<meta property=\"og:title\" content=\"Wof\u00fcr ein Berater? - \u222b\u222b\u222b-consulting\" \/>\n<meta property=\"og:url\" content=\"https:\/\/fff-consulting.com\/why-consulting\" \/>\n<meta property=\"og:site_name\" content=\"\u222b\u222b\u222b-consulting\" \/>\n<meta property=\"article:modified_time\" content=\"2020-01-15T23:49:32+00:00\" \/>\n<meta name=\"twitter:card\" content=\"summary_large_image\" \/>\n<meta name=\"twitter:label1\" content=\"Est. reading time\" \/>\n\t<meta name=\"twitter:data1\" content=\"2 minutes\" \/>\n<script type=\"application\/ld+json\" class=\"yoast-schema-graph\">{\"@context\":\"https:\/\/schema.org\",\"@graph\":[{\"@type\":\"WebPage\",\"@id\":\"https:\/\/fff-consulting.com\/why-consulting\",\"url\":\"https:\/\/fff-consulting.com\/why-consulting\",\"name\":\"Wof\u00fcr ein Berater? - \u222b\u222b\u222b-consulting\",\"isPartOf\":{\"@id\":\"https:\/\/fff-consulting.com\/#website\"},\"datePublished\":\"2019-05-22T09:19:40+00:00\",\"dateModified\":\"2020-01-15T23:49:32+00:00\",\"breadcrumb\":{\"@id\":\"https:\/\/fff-consulting.com\/why-consulting#breadcrumb\"},\"inLanguage\":\"de-DE\",\"potentialAction\":[{\"@type\":\"ReadAction\",\"target\":[\"https:\/\/fff-consulting.com\/why-consulting\"]}]},{\"@type\":\"BreadcrumbList\",\"@id\":\"https:\/\/fff-consulting.com\/why-consulting#breadcrumb\",\"itemListElement\":[{\"@type\":\"ListItem\",\"position\":1,\"name\":\"Home\",\"item\":\"https:\/\/fff-consulting.com\/\"},{\"@type\":\"ListItem\",\"position\":2,\"name\":\"A consultant what for?\"}]},{\"@type\":\"WebSite\",\"@id\":\"https:\/\/fff-consulting.com\/#website\",\"url\":\"https:\/\/fff-consulting.com\/\",\"name\":\"\u222b\u222b\u222b-consulting\",\"description\":\"Digital Consulting Services with Ethos\",\"publisher\":{\"@id\":\"https:\/\/fff-consulting.com\/#organization\"},\"potentialAction\":[{\"@type\":\"SearchAction\",\"target\":{\"@type\":\"EntryPoint\",\"urlTemplate\":\"https:\/\/fff-consulting.com\/?s={search_term_string}\"},\"query-input\":{\"@type\":\"PropertyValueSpecification\",\"valueRequired\":true,\"valueName\":\"search_term_string\"}}],\"inLanguage\":\"de-DE\"},{\"@type\":\"Organization\",\"@id\":\"https:\/\/fff-consulting.com\/#organization\",\"name\":\"fff-consulting\",\"url\":\"https:\/\/fff-consulting.com\/\",\"logo\":{\"@type\":\"ImageObject\",\"inLanguage\":\"de-DE\",\"@id\":\"https:\/\/fff-consulting.com\/#\/schema\/logo\/image\/\",\"url\":\"https:\/\/fff-consulting.com\/wp-content\/uploads\/2019\/01\/cropped-Logo.jpg\",\"contentUrl\":\"https:\/\/fff-consulting.com\/wp-content\/uploads\/2019\/01\/cropped-Logo.jpg\",\"width\":190,\"height\":190,\"caption\":\"fff-consulting\"},\"image\":{\"@id\":\"https:\/\/fff-consulting.com\/#\/schema\/logo\/image\/\"}}]}<\/script>\n<!-- \/ Yoast SEO plugin. -->","yoast_head_json":{"title":"Wof\u00fcr ein Berater? - \u222b\u222b\u222b-consulting","robots":{"index":"index","follow":"follow","max-snippet":"max-snippet:-1","max-image-preview":"max-image-preview:large","max-video-preview":"max-video-preview:-1"},"canonical":"https:\/\/fff-consulting.com\/why-consulting","og_locale":"de_DE","og_type":"article","og_title":"Wof\u00fcr ein Berater? - \u222b\u222b\u222b-consulting","og_url":"https:\/\/fff-consulting.com\/why-consulting","og_site_name":"\u222b\u222b\u222b-consulting","article_modified_time":"2020-01-15T23:49:32+00:00","twitter_card":"summary_large_image","twitter_misc":{"Est. reading time":"2 minutes"},"schema":{"@context":"https:\/\/schema.org","@graph":[{"@type":"WebPage","@id":"https:\/\/fff-consulting.com\/why-consulting","url":"https:\/\/fff-consulting.com\/why-consulting","name":"Wof\u00fcr ein Berater? - \u222b\u222b\u222b-consulting","isPartOf":{"@id":"https:\/\/fff-consulting.com\/#website"},"datePublished":"2019-05-22T09:19:40+00:00","dateModified":"2020-01-15T23:49:32+00:00","breadcrumb":{"@id":"https:\/\/fff-consulting.com\/why-consulting#breadcrumb"},"inLanguage":"de-DE","potentialAction":[{"@type":"ReadAction","target":["https:\/\/fff-consulting.com\/why-consulting"]}]},{"@type":"BreadcrumbList","@id":"https:\/\/fff-consulting.com\/why-consulting#breadcrumb","itemListElement":[{"@type":"ListItem","position":1,"name":"Home","item":"https:\/\/fff-consulting.com\/"},{"@type":"ListItem","position":2,"name":"A consultant what for?"}]},{"@type":"WebSite","@id":"https:\/\/fff-consulting.com\/#website","url":"https:\/\/fff-consulting.com\/","name":"\u222b\u222b\u222b-consulting","description":"Digital Consulting Services with Ethos","publisher":{"@id":"https:\/\/fff-consulting.com\/#organization"},"potentialAction":[{"@type":"SearchAction","target":{"@type":"EntryPoint","urlTemplate":"https:\/\/fff-consulting.com\/?s={search_term_string}"},"query-input":{"@type":"PropertyValueSpecification","valueRequired":true,"valueName":"search_term_string"}}],"inLanguage":"de-DE"},{"@type":"Organization","@id":"https:\/\/fff-consulting.com\/#organization","name":"fff-consulting","url":"https:\/\/fff-consulting.com\/","logo":{"@type":"ImageObject","inLanguage":"de-DE","@id":"https:\/\/fff-consulting.com\/#\/schema\/logo\/image\/","url":"https:\/\/fff-consulting.com\/wp-content\/uploads\/2019\/01\/cropped-Logo.jpg","contentUrl":"https:\/\/fff-consulting.com\/wp-content\/uploads\/2019\/01\/cropped-Logo.jpg","width":190,"height":190,"caption":"fff-consulting"},"image":{"@id":"https:\/\/fff-consulting.com\/#\/schema\/logo\/image\/"}}]}},"_links":{"self":[{"href":"https:\/\/fff-consulting.com\/de\/wp-json\/wp\/v2\/pages\/62"}],"collection":[{"href":"https:\/\/fff-consulting.com\/de\/wp-json\/wp\/v2\/pages"}],"about":[{"href":"https:\/\/fff-consulting.com\/de\/wp-json\/wp\/v2\/types\/page"}],"author":[{"embeddable":true,"href":"https:\/\/fff-consulting.com\/de\/wp-json\/wp\/v2\/users\/1"}],"replies":[{"embeddable":true,"href":"https:\/\/fff-consulting.com\/de\/wp-json\/wp\/v2\/comments?post=62"}],"version-history":[{"count":47,"href":"https:\/\/fff-consulting.com\/de\/wp-json\/wp\/v2\/pages\/62\/revisions"}],"predecessor-version":[{"id":828,"href":"https:\/\/fff-consulting.com\/de\/wp-json\/wp\/v2\/pages\/62\/revisions\/828"}],"wp:attachment":[{"href":"https:\/\/fff-consulting.com\/de\/wp-json\/wp\/v2\/media?parent=62"}],"curies":[{"name":"wp","href":"https:\/\/api.w.org\/{rel}","templated":true}]}}