{"id":63,"date":"2019-05-22T10:19:40","date_gmt":"2019-05-22T09:19:40","guid":{"rendered":"https:\/\/fff-consulting.com\/?page_id=63"},"modified":"2024-03-07T10:45:51","modified_gmt":"2024-03-07T09:45:51","slug":"why-me","status":"publish","type":"page","link":"https:\/\/fff-consulting.com\/de\/why-me","title":{"rendered":"Warum mich ausw\u00e4hlen?"},"content":{"rendered":"\n<p>Sehr geehrter Besucher<\/p>\n<table class=\" aligncenter\" style=\"width: 100%; border-collapse: collapse; border-style: none;\">\n<tbody>\n<tr style=\"border-style: none;\">\n<td style=\"width: 20%;\"><img loading=\"lazy\" decoding=\"async\" class=\"alignleft  wp-image-194\" src=\"https:\/\/fff-consulting.com\/wp-content\/uploads\/2019\/08\/037_bearbeitet-5_aufgehellt-e1565813772492-797x1024.jpg\" alt=\"\" width=\"150\" height=\"193\" srcset=\"https:\/\/fff-consulting.com\/wp-content\/uploads\/2019\/08\/037_bearbeitet-5_aufgehellt-e1565813772492-797x1024.jpg 797w, https:\/\/fff-consulting.com\/wp-content\/uploads\/2019\/08\/037_bearbeitet-5_aufgehellt-e1565813772492-233x300.jpg 233w, https:\/\/fff-consulting.com\/wp-content\/uploads\/2019\/08\/037_bearbeitet-5_aufgehellt-e1565813772492-768x987.jpg 768w, https:\/\/fff-consulting.com\/wp-content\/uploads\/2019\/08\/037_bearbeitet-5_aufgehellt-e1565813772492.jpg 827w\" sizes=\"(max-width: 150px) 100vw, 150px\" \/><\/td>\n<td style=\"width: 80%; border-style: none; text-align: justify; vertical-align: bottom;\">\n<p>Ich hei\u00dfe Franck-Olivier Formis und ich helfe industriellen KMUs bei der Integration von Pr\u00e4zisionstechnologien, um ihre Kundenerfahrung zu verbessern, ihre Verm\u00f6genswerte besser zu nutzen und neue Dienstleistungen und innovative Gesch\u00e4ftsmodelle zu entwickeln.<\/p>\n<p>Ich bin ein mehrsprachiger, ergebnisorientierter Senior Manager mit 20 Jahren Berufserfahrung in den Bereichen Consulting, mobile Telekommunikation und IT.<\/p>\n<p><a href=\"https:\/\/www.linkedin.com\/in\/fformis\/\"><img loading=\"lazy\" decoding=\"async\" class=\"alignright wp-image-473\" src=\"https:\/\/fff-consulting.com\/wp-content\/uploads\/2019\/12\/LinkedIn_cropped-e1577984423415.png\" alt=\"\" width=\"75\" height=\"28\" \/><\/a><\/p>\n<\/td>\n<\/tr>\n<\/tbody>\n<\/table>\n<p style=\"text-align: justify;\">Hier einige meiner abgeschlossenen Projekte:<\/p>\n<table class=\" alignleft\" style=\"width: 100%; border-collapse: collapse; border-style: none;\">\n<tbody>\n<tr style=\"border-style: none;\">\n<td style=\"width: 1%; border-style: none; vertical-align: middle; height: 180px;\">\u00a0<\/td>\n<td style=\"width: 99%; border-style: none; text-align: justify; vertical-align: middle; height: 180px;\">\n<ul style=\"list-style-type: square;\">\n<li style=\"text-align: justify;\">Leitung des zentralen Datenanalyseteams, das f\u00fcr Datenproduktmanagement, Kundenerf\u00fcllung und Finanzen zust\u00e4ndig ist<\/li>\n<li style=\"text-align: justify;\">Erarbeitung der Produktstrategie und Roadmap als Scrum Product Owner<\/li>\n<li style=\"text-align: justify;\">Detaillierte Wettbewerbsanalyse digitaler B2C-Dienste im Bereich Smart Home<\/li>\n<li>Erarbeitung von zwei digitalen Transformationsprogrammen zur Einf\u00fchrung der Produktserialisierung bei zwei Hauptakteuren im Einzelhandel und in der Lebensmittelindustrie durch Design Thinking und Agile Methoden<\/li>\n<li style=\"text-align: justify;\">Benchmark von 20 KI-IoT-Plattformen auf der Grundlage von 6 Anwendungsf\u00e4llen<\/li>\n<li>Entwicklung von zwei PoC IIoT: eine intelligente Geb\u00e4ude-Anwendung zur Optimierung der Immobilienkosten und Verbesserung der Produktivit\u00e4t sowie eine verkn\u00fcpfte Lieferkettenanwendung f\u00fcr die Sichtbarkeit und Interaktion von Verm\u00f6genswerten<\/li>\n<li style=\"text-align: justify;\">Aufstellung der Funktion Sales Operations bei einem f\u00fchrenden globalen Mobilfunkanbieter<\/li>\n<li style=\"text-align: justify;\">Leitung des Produktmanagement-Teams bei einem f\u00fchrenden globalen Mobilfunkanbieter und Markteinf\u00fchrung mehrerer intelligenter Produkte<\/li>\n<\/ul>\n<\/td>\n<\/tr>\n<tr style=\"border-style: none;\">\n<td style=\"width: 100%; border-style: none; text-align: justify; vertical-align: middle; height: 52px;\" colspan=\"2\">\n<p style=\"text-align: left;\">Ich habe einen MBA-Abschluss der \u00c9cole des Hautes \u00c9tudes commerciales de Paris (HEC Paris) und einen Ma\u00eetrise-Abschluss (Magister-Abschluss) in Angewandter Mathematik von der Universit\u00e9 Paris 7. Ich bin des Weiteren Telekommunikationsingenieur (IMT Atlantique) und spreche Franz\u00f6sisch, Englisch und Deutsch.<\/p>\n<p style=\"text-align: left;\">Zu meinen Kunden z\u00e4hlen:<\/p>\n<\/td>\n<\/tr>\n<\/tbody>\n<\/table>\n<table style=\"width: 100%; border-collapse: collapse; border: 0px none; height: 400px;\">\n<tbody>\n<tr style=\"border: 0 none;\">\n<td style=\"width: 50%; height: 100px; vertical-align: middle; text-align: center;\"><img loading=\"lazy\" decoding=\"async\" class=\"size-medium wp-image-761\" src=\"https:\/\/fff-consulting.com\/wp-content\/uploads\/2024\/03\/kardex.png\" alt=\"\" width=\"125\" height=\"125\" \/><\/td>\n<td style=\"width: 50%; height: 100px; vertical-align: middle; text-align: center;\"><img loading=\"lazy\" decoding=\"async\" class=\"aligncenter wp-image-707\" src=\"https:\/\/fff-consulting.com\/wp-content\/uploads\/2024\/03\/BMI.png\" alt=\"\" width=\"75\" height=\"75\" \/><\/td>\n<\/tr>\n<tr style=\"border: 0 none;\">\n<td style=\"width: 50%; height: 100px; vertical-align: middle; text-align: center;\"><img loading=\"lazy\" decoding=\"async\" class=\"size-medium wp-image-761\" src=\"https:\/\/fff-consulting.com\/wp-content\/uploads\/2022\/11\/Logo-Dash-black-50.png\" alt=\"\" width=\"150\" height=\"150\" \/><\/td>\n<td style=\"width: 50%; height: 100px; vertical-align: middle; text-align: center;\"><img loading=\"lazy\" decoding=\"async\" class=\"aligncenter wp-image-707\" src=\"https:\/\/fff-consulting.com\/wp-content\/uploads\/2021\/01\/BSH_Bosch_und_Siemens_Hausgerate_logo.svg_-1.png\" alt=\"\" width=\"100\" height=\"100\" \/>BSH Hausger\u00e4te GmbH<\/td>\n<\/tr>\n<tr style=\"border: 0 none;\">\n<td style=\"width: 50%; height: 100px; vertical-align: middle; text-align: center;\"><img loading=\"lazy\" decoding=\"async\" class=\"aligncenter wp-image-714 size-full\" src=\"https:\/\/fff-consulting.com\/wp-content\/uploads\/2021\/01\/CFF.png\" alt=\"\" width=\"100\" height=\"100\" \/><\/td>\n<td style=\"width: 50%; height: 100px; vertical-align: middle; text-align: center;\"><img loading=\"lazy\" decoding=\"async\" class=\"aligncenter wp-image-635\" src=\"https:\/\/fff-consulting.com\/wp-content\/uploads\/2020\/01\/Accenture-Digital.jpg\" alt=\"\" width=\"75\" height=\"75\" srcset=\"https:\/\/fff-consulting.com\/wp-content\/uploads\/2020\/01\/Accenture-Digital.jpg 151w, https:\/\/fff-consulting.com\/wp-content\/uploads\/2020\/01\/Accenture-Digital-100x100.jpg 100w\" sizes=\"(max-width: 75px) 100vw, 75px\" \/>Accenture Digital\u00a0<\/td>\n<\/tr>\n<tr style=\"border: 0 none;\">\n<td style=\"width: 50%; height: 100px; vertical-align: middle; text-align: center;\"><br \/><img loading=\"lazy\" decoding=\"async\" class=\"aligncenter wp-image-636\" src=\"https:\/\/fff-consulting.com\/wp-content\/uploads\/2020\/01\/RS-MNT.jpg\" alt=\"\" width=\"75\" height=\"75\" srcset=\"https:\/\/fff-consulting.com\/wp-content\/uploads\/2020\/01\/RS-MNT.jpg 151w, https:\/\/fff-consulting.com\/wp-content\/uploads\/2020\/01\/RS-MNT-100x100.jpg 100w\" sizes=\"(max-width: 75px) 100vw, 75px\" \/><br \/>Rohde &amp; Schwarz\u00a0MNT<\/td>\n<td style=\"width: 50%; height: 100px; vertical-align: middle; text-align: center;\"><br \/><img loading=\"lazy\" decoding=\"async\" class=\"aligncenter wp-image-637\" src=\"https:\/\/fff-consulting.com\/wp-content\/uploads\/2020\/01\/Orange.png\" alt=\"\" width=\"75\" height=\"75\" srcset=\"https:\/\/fff-consulting.com\/wp-content\/uploads\/2020\/01\/Orange.png 151w, https:\/\/fff-consulting.com\/wp-content\/uploads\/2020\/01\/Orange-100x100.png 100w\" sizes=\"(max-width: 75px) 100vw, 75px\" \/><br \/>Orange Schweiz (Salt)<\/td>\n<\/tr>\n<tr style=\"border: 0 none;\">\n<td style=\"width: 50%; height: 100px; vertical-align: middle; text-align: center;\"><br \/><img loading=\"lazy\" decoding=\"async\" class=\"aligncenter wp-image-639\" src=\"https:\/\/fff-consulting.com\/wp-content\/uploads\/2020\/01\/ELCA-1.png\" alt=\"\" width=\"75\" height=\"75\" \/>ELCA Informatik<\/td>\n<\/tr>\n<\/tbody>\n<\/table>\n","protected":false},"excerpt":{"rendered":"<p>Sehr geehrter Besucher Ich hei\u00dfe Franck-Olivier Formis und ich helfe industriellen KMUs bei der Integration von Pr\u00e4zisionstechnologien, um ihre Kundenerfahrung zu verbessern, ihre Verm\u00f6genswerte besser zu nutzen und neue Dienstleistungen und innovative Gesch\u00e4ftsmodelle zu entwickeln. Ich bin ein mehrsprachiger, ergebnisorientierter Senior Manager mit 20 Jahren Berufserfahrung in den Bereichen Consulting, mobile Telekommunikation und IT. Hier &hellip; <\/p>\n<p class=\"link-more\"><a href=\"https:\/\/fff-consulting.com\/de\/why-me\" class=\"more-link\">Continue reading<span class=\"screen-reader-text\"> &#8220;Warum mich ausw\u00e4hlen?&#8221;<\/span><\/a><\/p>\n","protected":false},"author":1,"featured_media":0,"parent":0,"menu_order":0,"comment_status":"closed","ping_status":"closed","template":"","meta":{"footnotes":""},"translation":{"provider":"WPGlobus","version":"3.0.2","language":"de","enabled_languages":["en","de","fr"],"languages":{"en":{"title":true,"content":true,"excerpt":false},"de":{"title":true,"content":true,"excerpt":false},"fr":{"title":true,"content":true,"excerpt":false}}},"yoast_head":"<!-- This site is optimized with the Yoast SEO plugin v24.5 - https:\/\/yoast.com\/wordpress\/plugins\/seo\/ -->\n<title>Warum mich ausw\u00e4hlen? - \u222b\u222b\u222b-consulting<\/title>\n<meta name=\"robots\" content=\"index, follow, max-snippet:-1, max-image-preview:large, max-video-preview:-1\" \/>\n<link rel=\"canonical\" href=\"https:\/\/fff-consulting.com\/why-me\" \/>\n<meta property=\"og:locale\" content=\"de_DE\" \/>\n<meta property=\"og:type\" content=\"article\" \/>\n<meta property=\"og:title\" content=\"Warum mich ausw\u00e4hlen? - \u222b\u222b\u222b-consulting\" \/>\n<meta property=\"og:url\" content=\"https:\/\/fff-consulting.com\/why-me\" \/>\n<meta property=\"og:site_name\" content=\"\u222b\u222b\u222b-consulting\" \/>\n<meta property=\"article:modified_time\" content=\"2024-03-07T09:45:51+00:00\" \/>\n<meta property=\"og:image\" content=\"https:\/\/fff-consulting.com\/wp-content\/uploads\/2019\/08\/037_bearbeitet-5_aufgehellt-e1565813772492-797x1024.jpg\" \/>\n<meta name=\"twitter:card\" content=\"summary_large_image\" \/>\n<meta name=\"twitter:label1\" content=\"Est. reading time\" \/>\n\t<meta name=\"twitter:data1\" content=\"4 minutes\" \/>\n<script type=\"application\/ld+json\" class=\"yoast-schema-graph\">{\"@context\":\"https:\/\/schema.org\",\"@graph\":[{\"@type\":\"WebPage\",\"@id\":\"https:\/\/fff-consulting.com\/why-me\",\"url\":\"https:\/\/fff-consulting.com\/why-me\",\"name\":\"Warum mich ausw\u00e4hlen? - \u222b\u222b\u222b-consulting\",\"isPartOf\":{\"@id\":\"https:\/\/fff-consulting.com\/#website\"},\"primaryImageOfPage\":{\"@id\":\"https:\/\/fff-consulting.com\/why-me#primaryimage\"},\"image\":{\"@id\":\"https:\/\/fff-consulting.com\/why-me#primaryimage\"},\"thumbnailUrl\":\"https:\/\/fff-consulting.com\/wp-content\/uploads\/2019\/08\/037_bearbeitet-5_aufgehellt-e1565813772492-797x1024.jpg\",\"datePublished\":\"2019-05-22T09:19:40+00:00\",\"dateModified\":\"2024-03-07T09:45:51+00:00\",\"breadcrumb\":{\"@id\":\"https:\/\/fff-consulting.com\/why-me#breadcrumb\"},\"inLanguage\":\"de-DE\",\"potentialAction\":[{\"@type\":\"ReadAction\",\"target\":[\"https:\/\/fff-consulting.com\/why-me\"]}]},{\"@type\":\"ImageObject\",\"inLanguage\":\"de-DE\",\"@id\":\"https:\/\/fff-consulting.com\/why-me#primaryimage\",\"url\":\"https:\/\/fff-consulting.com\/wp-content\/uploads\/2019\/08\/037_bearbeitet-5_aufgehellt-e1565813772492-797x1024.jpg\",\"contentUrl\":\"https:\/\/fff-consulting.com\/wp-content\/uploads\/2019\/08\/037_bearbeitet-5_aufgehellt-e1565813772492-797x1024.jpg\"},{\"@type\":\"BreadcrumbList\",\"@id\":\"https:\/\/fff-consulting.com\/why-me#breadcrumb\",\"itemListElement\":[{\"@type\":\"ListItem\",\"position\":1,\"name\":\"Home\",\"item\":\"https:\/\/fff-consulting.com\/\"},{\"@type\":\"ListItem\",\"position\":2,\"name\":\"Why choose me?\"}]},{\"@type\":\"WebSite\",\"@id\":\"https:\/\/fff-consulting.com\/#website\",\"url\":\"https:\/\/fff-consulting.com\/\",\"name\":\"\u222b\u222b\u222b-consulting\",\"description\":\"Digital Consulting Services with Ethos\",\"publisher\":{\"@id\":\"https:\/\/fff-consulting.com\/#organization\"},\"potentialAction\":[{\"@type\":\"SearchAction\",\"target\":{\"@type\":\"EntryPoint\",\"urlTemplate\":\"https:\/\/fff-consulting.com\/?s={search_term_string}\"},\"query-input\":{\"@type\":\"PropertyValueSpecification\",\"valueRequired\":true,\"valueName\":\"search_term_string\"}}],\"inLanguage\":\"de-DE\"},{\"@type\":\"Organization\",\"@id\":\"https:\/\/fff-consulting.com\/#organization\",\"name\":\"fff-consulting\",\"url\":\"https:\/\/fff-consulting.com\/\",\"logo\":{\"@type\":\"ImageObject\",\"inLanguage\":\"de-DE\",\"@id\":\"https:\/\/fff-consulting.com\/#\/schema\/logo\/image\/\",\"url\":\"https:\/\/fff-consulting.com\/wp-content\/uploads\/2019\/01\/cropped-Logo.jpg\",\"contentUrl\":\"https:\/\/fff-consulting.com\/wp-content\/uploads\/2019\/01\/cropped-Logo.jpg\",\"width\":190,\"height\":190,\"caption\":\"fff-consulting\"},\"image\":{\"@id\":\"https:\/\/fff-consulting.com\/#\/schema\/logo\/image\/\"}}]}<\/script>\n<!-- \/ Yoast SEO plugin. -->","yoast_head_json":{"title":"Warum mich ausw\u00e4hlen? - \u222b\u222b\u222b-consulting","robots":{"index":"index","follow":"follow","max-snippet":"max-snippet:-1","max-image-preview":"max-image-preview:large","max-video-preview":"max-video-preview:-1"},"canonical":"https:\/\/fff-consulting.com\/why-me","og_locale":"de_DE","og_type":"article","og_title":"Warum mich ausw\u00e4hlen? - \u222b\u222b\u222b-consulting","og_url":"https:\/\/fff-consulting.com\/why-me","og_site_name":"\u222b\u222b\u222b-consulting","article_modified_time":"2024-03-07T09:45:51+00:00","og_image":[{"url":"https:\/\/fff-consulting.com\/wp-content\/uploads\/2019\/08\/037_bearbeitet-5_aufgehellt-e1565813772492-797x1024.jpg","type":"","width":"","height":""}],"twitter_card":"summary_large_image","twitter_misc":{"Est. reading time":"4 minutes"},"schema":{"@context":"https:\/\/schema.org","@graph":[{"@type":"WebPage","@id":"https:\/\/fff-consulting.com\/why-me","url":"https:\/\/fff-consulting.com\/why-me","name":"Warum mich ausw\u00e4hlen? - \u222b\u222b\u222b-consulting","isPartOf":{"@id":"https:\/\/fff-consulting.com\/#website"},"primaryImageOfPage":{"@id":"https:\/\/fff-consulting.com\/why-me#primaryimage"},"image":{"@id":"https:\/\/fff-consulting.com\/why-me#primaryimage"},"thumbnailUrl":"https:\/\/fff-consulting.com\/wp-content\/uploads\/2019\/08\/037_bearbeitet-5_aufgehellt-e1565813772492-797x1024.jpg","datePublished":"2019-05-22T09:19:40+00:00","dateModified":"2024-03-07T09:45:51+00:00","breadcrumb":{"@id":"https:\/\/fff-consulting.com\/why-me#breadcrumb"},"inLanguage":"de-DE","potentialAction":[{"@type":"ReadAction","target":["https:\/\/fff-consulting.com\/why-me"]}]},{"@type":"ImageObject","inLanguage":"de-DE","@id":"https:\/\/fff-consulting.com\/why-me#primaryimage","url":"https:\/\/fff-consulting.com\/wp-content\/uploads\/2019\/08\/037_bearbeitet-5_aufgehellt-e1565813772492-797x1024.jpg","contentUrl":"https:\/\/fff-consulting.com\/wp-content\/uploads\/2019\/08\/037_bearbeitet-5_aufgehellt-e1565813772492-797x1024.jpg"},{"@type":"BreadcrumbList","@id":"https:\/\/fff-consulting.com\/why-me#breadcrumb","itemListElement":[{"@type":"ListItem","position":1,"name":"Home","item":"https:\/\/fff-consulting.com\/"},{"@type":"ListItem","position":2,"name":"Why choose me?"}]},{"@type":"WebSite","@id":"https:\/\/fff-consulting.com\/#website","url":"https:\/\/fff-consulting.com\/","name":"\u222b\u222b\u222b-consulting","description":"Digital Consulting Services with Ethos","publisher":{"@id":"https:\/\/fff-consulting.com\/#organization"},"potentialAction":[{"@type":"SearchAction","target":{"@type":"EntryPoint","urlTemplate":"https:\/\/fff-consulting.com\/?s={search_term_string}"},"query-input":{"@type":"PropertyValueSpecification","valueRequired":true,"valueName":"search_term_string"}}],"inLanguage":"de-DE"},{"@type":"Organization","@id":"https:\/\/fff-consulting.com\/#organization","name":"fff-consulting","url":"https:\/\/fff-consulting.com\/","logo":{"@type":"ImageObject","inLanguage":"de-DE","@id":"https:\/\/fff-consulting.com\/#\/schema\/logo\/image\/","url":"https:\/\/fff-consulting.com\/wp-content\/uploads\/2019\/01\/cropped-Logo.jpg","contentUrl":"https:\/\/fff-consulting.com\/wp-content\/uploads\/2019\/01\/cropped-Logo.jpg","width":190,"height":190,"caption":"fff-consulting"},"image":{"@id":"https:\/\/fff-consulting.com\/#\/schema\/logo\/image\/"}}]}},"_links":{"self":[{"href":"https:\/\/fff-consulting.com\/de\/wp-json\/wp\/v2\/pages\/63"}],"collection":[{"href":"https:\/\/fff-consulting.com\/de\/wp-json\/wp\/v2\/pages"}],"about":[{"href":"https:\/\/fff-consulting.com\/de\/wp-json\/wp\/v2\/types\/page"}],"author":[{"embeddable":true,"href":"https:\/\/fff-consulting.com\/de\/wp-json\/wp\/v2\/users\/1"}],"replies":[{"embeddable":true,"href":"https:\/\/fff-consulting.com\/de\/wp-json\/wp\/v2\/comments?post=63"}],"version-history":[{"count":264,"href":"https:\/\/fff-consulting.com\/de\/wp-json\/wp\/v2\/pages\/63\/revisions"}],"predecessor-version":[{"id":858,"href":"https:\/\/fff-consulting.com\/de\/wp-json\/wp\/v2\/pages\/63\/revisions\/858"}],"wp:attachment":[{"href":"https:\/\/fff-consulting.com\/de\/wp-json\/wp\/v2\/media?parent=63"}],"curies":[{"name":"wp","href":"https:\/\/api.w.org\/{rel}","templated":true}]}}