{"id":70,"date":"2019-05-22T10:19:40","date_gmt":"2019-05-22T09:19:40","guid":{"rendered":"https:\/\/fff-consulting.com\/?page_id=70"},"modified":"2020-01-19T23:50:02","modified_gmt":"2020-01-19T22:50:02","slug":"sustainable-development","status":"publish","type":"page","link":"https:\/\/fff-consulting.com\/de\/sustainable-development","title":{"rendered":"Nachhaltige Entwicklung"},"content":{"rendered":"\n<p style=\"text-align: justify;\">Digitale Technologien haben das Potenzial, die Welt zu ver\u00e4ndern, indem sie Menschen und Unternehmen in die Lage versetzen, ihrem Leben und Dasein durch eine wirtschaftlich, sozial und \u00f6kologisch nachhaltige Entwicklung einen Sinn zu geben.<\/p>\n<p style=\"text-align: justify;\">Die Weltkommission f\u00fcr Umwelt und Entwicklung definierte 1987 nachhaltige Entwicklung als eine Entwicklung, welche die aktuellen Bed\u00fcrfnisse der Menschen befriedigt, ohne die der k\u00fcnftigen Generationen zu gef\u00e4hrden.<\/p>\n<p style=\"text-align: justify;\">Viele Unternehmen haben eine Vision und einen Firmensteckbrief, die sich direkt in wirtschaftliche Ziele umsetzen lassen. Aber wie viele Unternehmen haben sich ein Ziel gesetzt? Nur sehr wenige kennen die Gr\u00fcnde f\u00fcr ihre gegenw\u00e4rtigen Handlungen und ihre Interaktionen.<\/p>\n","protected":false},"excerpt":{"rendered":"<p>Digitale Technologien haben das Potenzial, die Welt zu ver\u00e4ndern, indem sie Menschen und Unternehmen in die Lage versetzen, ihrem Leben und Dasein durch eine wirtschaftlich, sozial und \u00f6kologisch nachhaltige Entwicklung einen Sinn zu geben. Die Weltkommission f\u00fcr Umwelt und Entwicklung definierte 1987 nachhaltige Entwicklung als eine Entwicklung, welche die aktuellen Bed\u00fcrfnisse der Menschen befriedigt, ohne &hellip; <\/p>\n<p class=\"link-more\"><a href=\"https:\/\/fff-consulting.com\/de\/sustainable-development\" class=\"more-link\">Continue reading<span class=\"screen-reader-text\"> &#8220;Nachhaltige Entwicklung&#8221;<\/span><\/a><\/p>\n","protected":false},"author":1,"featured_media":0,"parent":0,"menu_order":0,"comment_status":"closed","ping_status":"closed","template":"","meta":{"footnotes":""},"translation":{"provider":"WPGlobus","version":"3.0.2","language":"de","enabled_languages":["en","de","fr"],"languages":{"en":{"title":true,"content":true,"excerpt":false},"de":{"title":true,"content":true,"excerpt":false},"fr":{"title":true,"content":true,"excerpt":false}}},"yoast_head":"<!-- This site is optimized with the Yoast SEO plugin v24.5 - https:\/\/yoast.com\/wordpress\/plugins\/seo\/ -->\n<title>Nachhaltige Entwicklung - \u222b\u222b\u222b-consulting<\/title>\n<meta name=\"robots\" content=\"index, follow, max-snippet:-1, max-image-preview:large, max-video-preview:-1\" \/>\n<link rel=\"canonical\" href=\"https:\/\/fff-consulting.com\/sustainable-development\" \/>\n<meta property=\"og:locale\" content=\"de_DE\" \/>\n<meta property=\"og:type\" content=\"article\" \/>\n<meta property=\"og:title\" content=\"Nachhaltige Entwicklung - \u222b\u222b\u222b-consulting\" \/>\n<meta property=\"og:url\" content=\"https:\/\/fff-consulting.com\/sustainable-development\" \/>\n<meta property=\"og:site_name\" content=\"\u222b\u222b\u222b-consulting\" \/>\n<meta property=\"article:modified_time\" content=\"2020-01-19T22:50:02+00:00\" \/>\n<meta name=\"twitter:card\" content=\"summary_large_image\" \/>\n<meta name=\"twitter:label1\" content=\"Est. reading time\" \/>\n\t<meta name=\"twitter:data1\" content=\"2 minutes\" \/>\n<script type=\"application\/ld+json\" class=\"yoast-schema-graph\">{\"@context\":\"https:\/\/schema.org\",\"@graph\":[{\"@type\":\"WebPage\",\"@id\":\"https:\/\/fff-consulting.com\/sustainable-development\",\"url\":\"https:\/\/fff-consulting.com\/sustainable-development\",\"name\":\"Nachhaltige Entwicklung - \u222b\u222b\u222b-consulting\",\"isPartOf\":{\"@id\":\"https:\/\/fff-consulting.com\/#website\"},\"datePublished\":\"2019-05-22T09:19:40+00:00\",\"dateModified\":\"2020-01-19T22:50:02+00:00\",\"breadcrumb\":{\"@id\":\"https:\/\/fff-consulting.com\/sustainable-development#breadcrumb\"},\"inLanguage\":\"de-DE\",\"potentialAction\":[{\"@type\":\"ReadAction\",\"target\":[\"https:\/\/fff-consulting.com\/sustainable-development\"]}]},{\"@type\":\"BreadcrumbList\",\"@id\":\"https:\/\/fff-consulting.com\/sustainable-development#breadcrumb\",\"itemListElement\":[{\"@type\":\"ListItem\",\"position\":1,\"name\":\"Home\",\"item\":\"https:\/\/fff-consulting.com\/\"},{\"@type\":\"ListItem\",\"position\":2,\"name\":\"Sustainable development\"}]},{\"@type\":\"WebSite\",\"@id\":\"https:\/\/fff-consulting.com\/#website\",\"url\":\"https:\/\/fff-consulting.com\/\",\"name\":\"\u222b\u222b\u222b-consulting\",\"description\":\"Digital Consulting Services with Ethos\",\"publisher\":{\"@id\":\"https:\/\/fff-consulting.com\/#organization\"},\"potentialAction\":[{\"@type\":\"SearchAction\",\"target\":{\"@type\":\"EntryPoint\",\"urlTemplate\":\"https:\/\/fff-consulting.com\/?s={search_term_string}\"},\"query-input\":{\"@type\":\"PropertyValueSpecification\",\"valueRequired\":true,\"valueName\":\"search_term_string\"}}],\"inLanguage\":\"de-DE\"},{\"@type\":\"Organization\",\"@id\":\"https:\/\/fff-consulting.com\/#organization\",\"name\":\"fff-consulting\",\"url\":\"https:\/\/fff-consulting.com\/\",\"logo\":{\"@type\":\"ImageObject\",\"inLanguage\":\"de-DE\",\"@id\":\"https:\/\/fff-consulting.com\/#\/schema\/logo\/image\/\",\"url\":\"https:\/\/fff-consulting.com\/wp-content\/uploads\/2019\/01\/cropped-Logo.jpg\",\"contentUrl\":\"https:\/\/fff-consulting.com\/wp-content\/uploads\/2019\/01\/cropped-Logo.jpg\",\"width\":190,\"height\":190,\"caption\":\"fff-consulting\"},\"image\":{\"@id\":\"https:\/\/fff-consulting.com\/#\/schema\/logo\/image\/\"}}]}<\/script>\n<!-- \/ Yoast SEO plugin. -->","yoast_head_json":{"title":"Nachhaltige Entwicklung - \u222b\u222b\u222b-consulting","robots":{"index":"index","follow":"follow","max-snippet":"max-snippet:-1","max-image-preview":"max-image-preview:large","max-video-preview":"max-video-preview:-1"},"canonical":"https:\/\/fff-consulting.com\/sustainable-development","og_locale":"de_DE","og_type":"article","og_title":"Nachhaltige Entwicklung - \u222b\u222b\u222b-consulting","og_url":"https:\/\/fff-consulting.com\/sustainable-development","og_site_name":"\u222b\u222b\u222b-consulting","article_modified_time":"2020-01-19T22:50:02+00:00","twitter_card":"summary_large_image","twitter_misc":{"Est. reading time":"2 minutes"},"schema":{"@context":"https:\/\/schema.org","@graph":[{"@type":"WebPage","@id":"https:\/\/fff-consulting.com\/sustainable-development","url":"https:\/\/fff-consulting.com\/sustainable-development","name":"Nachhaltige Entwicklung - \u222b\u222b\u222b-consulting","isPartOf":{"@id":"https:\/\/fff-consulting.com\/#website"},"datePublished":"2019-05-22T09:19:40+00:00","dateModified":"2020-01-19T22:50:02+00:00","breadcrumb":{"@id":"https:\/\/fff-consulting.com\/sustainable-development#breadcrumb"},"inLanguage":"de-DE","potentialAction":[{"@type":"ReadAction","target":["https:\/\/fff-consulting.com\/sustainable-development"]}]},{"@type":"BreadcrumbList","@id":"https:\/\/fff-consulting.com\/sustainable-development#breadcrumb","itemListElement":[{"@type":"ListItem","position":1,"name":"Home","item":"https:\/\/fff-consulting.com\/"},{"@type":"ListItem","position":2,"name":"Sustainable development"}]},{"@type":"WebSite","@id":"https:\/\/fff-consulting.com\/#website","url":"https:\/\/fff-consulting.com\/","name":"\u222b\u222b\u222b-consulting","description":"Digital Consulting Services with Ethos","publisher":{"@id":"https:\/\/fff-consulting.com\/#organization"},"potentialAction":[{"@type":"SearchAction","target":{"@type":"EntryPoint","urlTemplate":"https:\/\/fff-consulting.com\/?s={search_term_string}"},"query-input":{"@type":"PropertyValueSpecification","valueRequired":true,"valueName":"search_term_string"}}],"inLanguage":"de-DE"},{"@type":"Organization","@id":"https:\/\/fff-consulting.com\/#organization","name":"fff-consulting","url":"https:\/\/fff-consulting.com\/","logo":{"@type":"ImageObject","inLanguage":"de-DE","@id":"https:\/\/fff-consulting.com\/#\/schema\/logo\/image\/","url":"https:\/\/fff-consulting.com\/wp-content\/uploads\/2019\/01\/cropped-Logo.jpg","contentUrl":"https:\/\/fff-consulting.com\/wp-content\/uploads\/2019\/01\/cropped-Logo.jpg","width":190,"height":190,"caption":"fff-consulting"},"image":{"@id":"https:\/\/fff-consulting.com\/#\/schema\/logo\/image\/"}}]}},"_links":{"self":[{"href":"https:\/\/fff-consulting.com\/de\/wp-json\/wp\/v2\/pages\/70"}],"collection":[{"href":"https:\/\/fff-consulting.com\/de\/wp-json\/wp\/v2\/pages"}],"about":[{"href":"https:\/\/fff-consulting.com\/de\/wp-json\/wp\/v2\/types\/page"}],"author":[{"embeddable":true,"href":"https:\/\/fff-consulting.com\/de\/wp-json\/wp\/v2\/users\/1"}],"replies":[{"embeddable":true,"href":"https:\/\/fff-consulting.com\/de\/wp-json\/wp\/v2\/comments?post=70"}],"version-history":[{"count":20,"href":"https:\/\/fff-consulting.com\/de\/wp-json\/wp\/v2\/pages\/70\/revisions"}],"predecessor-version":[{"id":692,"href":"https:\/\/fff-consulting.com\/de\/wp-json\/wp\/v2\/pages\/70\/revisions\/692"}],"wp:attachment":[{"href":"https:\/\/fff-consulting.com\/de\/wp-json\/wp\/v2\/media?parent=70"}],"curies":[{"name":"wp","href":"https:\/\/api.w.org\/{rel}","templated":true}]}}