{"id":62,"date":"2019-05-22T10:19:40","date_gmt":"2019-05-22T09:19:40","guid":{"rendered":"https:\/\/fff-consulting.com\/?page_id=62"},"modified":"2020-01-16T00:49:32","modified_gmt":"2020-01-15T23:49:32","slug":"why-consulting","status":"publish","type":"page","link":"https:\/\/fff-consulting.com\/fr\/why-consulting","title":{"rendered":"Un consultant pour quoi faire?"},"content":{"rendered":"\n<ul style=\"list-style-type: square;\">\n<li style=\"text-align: justify;\">Vous \u00eates une <strong>PME<\/strong> qui souhaite entreprendre une transformation digitale mais:<\/li>\n<\/ul>\n<p style=\"text-align: justify;\">Quelle est la qualit\u00e9 de votre strat\u00e9gie digitale?<br \/>Souhaitez-vous transformer des services existants ou en cr\u00e9er de nouveaux ?<br \/>Avez-vous besoin d&#8217;explorer le march\u00e9 pour identifier de nouvelles solutions techniques ?<\/p>\n<ul style=\"list-style-type: square; text-align: justify;\">\n<li>Vous \u00eates une <strong>Startup<\/strong> qui souhaite lancer de nouveaux produits:<\/li>\n<\/ul>\n<p style=\"text-align: justify;\">Quelle est la pertinence de votre proposition de valeur ?<br \/>Souhaitez-vous lancer et g\u00e9rer de nouveaux produits ?<\/p>\n<p style=\"text-align: justify;\">\u00a0<\/p>\n<p style=\"text-align: justify;\">Si vous vous posez l&#8217;une de ces questions et que vous avez besoin d&#8217;un point de vue agnostique d&#8217;un expert ou que vous n&#8217;avez tout simplement pas les ressources internes avec les comp\u00e9tences requises disponibles, je sugg\u00e8re que nous nous parlions!<\/p>\n","protected":false},"excerpt":{"rendered":"<p>Vous \u00eates une PME qui souhaite entreprendre une transformation digitale mais: Quelle est la qualit\u00e9 de votre strat\u00e9gie digitale?Souhaitez-vous transformer des services existants ou en cr\u00e9er de nouveaux ?Avez-vous besoin d&#8217;explorer le march\u00e9 pour identifier de nouvelles solutions techniques ? Vous \u00eates une Startup qui souhaite lancer de nouveaux produits: Quelle est la pertinence de &hellip; <\/p>\n<p class=\"link-more\"><a href=\"https:\/\/fff-consulting.com\/fr\/why-consulting\" class=\"more-link\">Continue reading<span class=\"screen-reader-text\"> &#8220;Un consultant pour quoi faire?&#8221;<\/span><\/a><\/p>\n","protected":false},"author":1,"featured_media":0,"parent":0,"menu_order":0,"comment_status":"closed","ping_status":"closed","template":"","meta":{"footnotes":""},"translation":{"provider":"WPGlobus","version":"3.0.2","language":"fr","enabled_languages":["en","de","fr"],"languages":{"en":{"title":true,"content":true,"excerpt":false},"de":{"title":true,"content":true,"excerpt":false},"fr":{"title":true,"content":true,"excerpt":false}}},"yoast_head":"<!-- This site is optimized with the Yoast SEO plugin v24.5 - https:\/\/yoast.com\/wordpress\/plugins\/seo\/ -->\n<title>Un consultant pour quoi faire? - \u222b\u222b\u222b-consulting<\/title>\n<meta name=\"robots\" content=\"index, follow, max-snippet:-1, max-image-preview:large, max-video-preview:-1\" \/>\n<link rel=\"canonical\" href=\"https:\/\/fff-consulting.com\/why-consulting\" \/>\n<meta property=\"og:locale\" content=\"fr_FR\" \/>\n<meta property=\"og:type\" content=\"article\" \/>\n<meta property=\"og:title\" content=\"Un consultant pour quoi faire? - \u222b\u222b\u222b-consulting\" \/>\n<meta property=\"og:url\" content=\"https:\/\/fff-consulting.com\/why-consulting\" \/>\n<meta property=\"og:site_name\" content=\"\u222b\u222b\u222b-consulting\" \/>\n<meta property=\"article:modified_time\" content=\"2020-01-15T23:49:32+00:00\" \/>\n<meta name=\"twitter:card\" content=\"summary_large_image\" \/>\n<meta name=\"twitter:label1\" content=\"Est. reading time\" \/>\n\t<meta name=\"twitter:data1\" content=\"2 minutes\" \/>\n<script type=\"application\/ld+json\" class=\"yoast-schema-graph\">{\"@context\":\"https:\/\/schema.org\",\"@graph\":[{\"@type\":\"WebPage\",\"@id\":\"https:\/\/fff-consulting.com\/why-consulting\",\"url\":\"https:\/\/fff-consulting.com\/why-consulting\",\"name\":\"Un consultant pour quoi faire? - \u222b\u222b\u222b-consulting\",\"isPartOf\":{\"@id\":\"https:\/\/fff-consulting.com\/#website\"},\"datePublished\":\"2019-05-22T09:19:40+00:00\",\"dateModified\":\"2020-01-15T23:49:32+00:00\",\"breadcrumb\":{\"@id\":\"https:\/\/fff-consulting.com\/why-consulting#breadcrumb\"},\"inLanguage\":\"fr-FR\",\"potentialAction\":[{\"@type\":\"ReadAction\",\"target\":[\"https:\/\/fff-consulting.com\/why-consulting\"]}]},{\"@type\":\"BreadcrumbList\",\"@id\":\"https:\/\/fff-consulting.com\/why-consulting#breadcrumb\",\"itemListElement\":[{\"@type\":\"ListItem\",\"position\":1,\"name\":\"Home\",\"item\":\"https:\/\/fff-consulting.com\/\"},{\"@type\":\"ListItem\",\"position\":2,\"name\":\"A consultant what for?\"}]},{\"@type\":\"WebSite\",\"@id\":\"https:\/\/fff-consulting.com\/#website\",\"url\":\"https:\/\/fff-consulting.com\/\",\"name\":\"\u222b\u222b\u222b-consulting\",\"description\":\"Digital Consulting Services with Ethos\",\"publisher\":{\"@id\":\"https:\/\/fff-consulting.com\/#organization\"},\"potentialAction\":[{\"@type\":\"SearchAction\",\"target\":{\"@type\":\"EntryPoint\",\"urlTemplate\":\"https:\/\/fff-consulting.com\/?s={search_term_string}\"},\"query-input\":{\"@type\":\"PropertyValueSpecification\",\"valueRequired\":true,\"valueName\":\"search_term_string\"}}],\"inLanguage\":\"fr-FR\"},{\"@type\":\"Organization\",\"@id\":\"https:\/\/fff-consulting.com\/#organization\",\"name\":\"fff-consulting\",\"url\":\"https:\/\/fff-consulting.com\/\",\"logo\":{\"@type\":\"ImageObject\",\"inLanguage\":\"fr-FR\",\"@id\":\"https:\/\/fff-consulting.com\/#\/schema\/logo\/image\/\",\"url\":\"https:\/\/fff-consulting.com\/wp-content\/uploads\/2019\/01\/cropped-Logo.jpg\",\"contentUrl\":\"https:\/\/fff-consulting.com\/wp-content\/uploads\/2019\/01\/cropped-Logo.jpg\",\"width\":190,\"height\":190,\"caption\":\"fff-consulting\"},\"image\":{\"@id\":\"https:\/\/fff-consulting.com\/#\/schema\/logo\/image\/\"}}]}<\/script>\n<!-- \/ Yoast SEO plugin. -->","yoast_head_json":{"title":"Un consultant pour quoi faire? - \u222b\u222b\u222b-consulting","robots":{"index":"index","follow":"follow","max-snippet":"max-snippet:-1","max-image-preview":"max-image-preview:large","max-video-preview":"max-video-preview:-1"},"canonical":"https:\/\/fff-consulting.com\/why-consulting","og_locale":"fr_FR","og_type":"article","og_title":"Un consultant pour quoi faire? - \u222b\u222b\u222b-consulting","og_url":"https:\/\/fff-consulting.com\/why-consulting","og_site_name":"\u222b\u222b\u222b-consulting","article_modified_time":"2020-01-15T23:49:32+00:00","twitter_card":"summary_large_image","twitter_misc":{"Est. reading time":"2 minutes"},"schema":{"@context":"https:\/\/schema.org","@graph":[{"@type":"WebPage","@id":"https:\/\/fff-consulting.com\/why-consulting","url":"https:\/\/fff-consulting.com\/why-consulting","name":"Un consultant pour quoi faire? - \u222b\u222b\u222b-consulting","isPartOf":{"@id":"https:\/\/fff-consulting.com\/#website"},"datePublished":"2019-05-22T09:19:40+00:00","dateModified":"2020-01-15T23:49:32+00:00","breadcrumb":{"@id":"https:\/\/fff-consulting.com\/why-consulting#breadcrumb"},"inLanguage":"fr-FR","potentialAction":[{"@type":"ReadAction","target":["https:\/\/fff-consulting.com\/why-consulting"]}]},{"@type":"BreadcrumbList","@id":"https:\/\/fff-consulting.com\/why-consulting#breadcrumb","itemListElement":[{"@type":"ListItem","position":1,"name":"Home","item":"https:\/\/fff-consulting.com\/"},{"@type":"ListItem","position":2,"name":"A consultant what for?"}]},{"@type":"WebSite","@id":"https:\/\/fff-consulting.com\/#website","url":"https:\/\/fff-consulting.com\/","name":"\u222b\u222b\u222b-consulting","description":"Digital Consulting Services with Ethos","publisher":{"@id":"https:\/\/fff-consulting.com\/#organization"},"potentialAction":[{"@type":"SearchAction","target":{"@type":"EntryPoint","urlTemplate":"https:\/\/fff-consulting.com\/?s={search_term_string}"},"query-input":{"@type":"PropertyValueSpecification","valueRequired":true,"valueName":"search_term_string"}}],"inLanguage":"fr-FR"},{"@type":"Organization","@id":"https:\/\/fff-consulting.com\/#organization","name":"fff-consulting","url":"https:\/\/fff-consulting.com\/","logo":{"@type":"ImageObject","inLanguage":"fr-FR","@id":"https:\/\/fff-consulting.com\/#\/schema\/logo\/image\/","url":"https:\/\/fff-consulting.com\/wp-content\/uploads\/2019\/01\/cropped-Logo.jpg","contentUrl":"https:\/\/fff-consulting.com\/wp-content\/uploads\/2019\/01\/cropped-Logo.jpg","width":190,"height":190,"caption":"fff-consulting"},"image":{"@id":"https:\/\/fff-consulting.com\/#\/schema\/logo\/image\/"}}]}},"_links":{"self":[{"href":"https:\/\/fff-consulting.com\/fr\/wp-json\/wp\/v2\/pages\/62"}],"collection":[{"href":"https:\/\/fff-consulting.com\/fr\/wp-json\/wp\/v2\/pages"}],"about":[{"href":"https:\/\/fff-consulting.com\/fr\/wp-json\/wp\/v2\/types\/page"}],"author":[{"embeddable":true,"href":"https:\/\/fff-consulting.com\/fr\/wp-json\/wp\/v2\/users\/1"}],"replies":[{"embeddable":true,"href":"https:\/\/fff-consulting.com\/fr\/wp-json\/wp\/v2\/comments?post=62"}],"version-history":[{"count":47,"href":"https:\/\/fff-consulting.com\/fr\/wp-json\/wp\/v2\/pages\/62\/revisions"}],"predecessor-version":[{"id":828,"href":"https:\/\/fff-consulting.com\/fr\/wp-json\/wp\/v2\/pages\/62\/revisions\/828"}],"wp:attachment":[{"href":"https:\/\/fff-consulting.com\/fr\/wp-json\/wp\/v2\/media?parent=62"}],"curies":[{"name":"wp","href":"https:\/\/api.w.org\/{rel}","templated":true}]}}