{"id":63,"date":"2019-05-22T10:19:40","date_gmt":"2019-05-22T09:19:40","guid":{"rendered":"https:\/\/fff-consulting.com\/?page_id=63"},"modified":"2024-03-07T10:45:51","modified_gmt":"2024-03-07T09:45:51","slug":"why-me","status":"publish","type":"page","link":"https:\/\/fff-consulting.com\/fr\/why-me","title":{"rendered":"Pourquoi me choisir?"},"content":{"rendered":"\n<p>Cher Visiteur,<\/p>\n<table class=\" aligncenter\" style=\"width: 100%; border-collapse: collapse; border-style: none;\">\n<tbody>\n<tr style=\"border-style: none;\">\n<td style=\"width: 20%;\"><img loading=\"lazy\" decoding=\"async\" class=\"alignleft  wp-image-194\" src=\"https:\/\/fff-consulting.com\/wp-content\/uploads\/2019\/08\/037_bearbeitet-5_aufgehellt-e1565813772492-797x1024.jpg\" alt=\"\" width=\"150\" height=\"180\" \/><\/td>\n<td style=\"width: 80%; border-style: none; text-align: justify; vertical-align: bottom;\">\n<p>Je m&#8217;appelle Franck-Olivier Formis et j&#8217;aide les PME industrielles \u00e0 int\u00e9grer des technologies de pr\u00e9cision pour am\u00e9liorer leur exp\u00e9rience client, mieux utiliser leurs actifs et d\u00e9velopper de nouveaux services et mod\u00e8les d\u2019affaires innovants.<\/p>\n<p>Je suis un manager senior, multilingue, orient\u00e9 r\u00e9sultats et avec 20 ans d&#8217;exp\u00e9rience professionnelle dans le conseil, les t\u00e9l\u00e9communications mobile et l&#8217;informatique.<\/p>\n<p><a href=\"https:\/\/www.linkedin.com\/in\/fformis\/\"><img loading=\"lazy\" decoding=\"async\" class=\"alignright wp-image-473\" src=\"https:\/\/fff-consulting.com\/wp-content\/uploads\/2019\/12\/LinkedIn_cropped-e1577984423415.png\" alt=\"\" width=\"74\" height=\"28\" \/><\/a><\/p>\n<\/td>\n<\/tr>\n<\/tbody>\n<\/table>\n<p style=\"text-align: justify;\">Voici quelques-unes de mes r\u00e9alisations:<\/p>\n<table class=\" alignleft\" style=\"width: 100%; border-collapse: collapse; border-style: none;\">\n<tbody>\n<tr style=\"border-style: none;\">\n<td style=\"width: 1%; border-style: none; vertical-align: middle; height: 180px;\">\u00a0<\/td>\n<td style=\"width: 99%; border-style: none; text-align: justify; vertical-align: middle; height: 180px;\">\n<ul style=\"list-style-type: square;\">\n<li>Direction de l&#8217;\u00e9quipe centrale data analytics dont la mission est la gestion des produits data, la satisfaction clients et les finances<\/li>\n<li>\u00c9laboration de la strat\u00e9gie et de la roadmap produit en tant que Scrum product owner<\/li>\n<li>Analyse comp\u00e9titive d\u00e9taill\u00e9e des services num\u00e9riques B2C dans le secteur de la maison intelligente. Comparaison des marketing mix, des plateformes et des \u00e9cosyst\u00e8mes. Benchmark de la performance des Apps (utilisation et \u00e9valuation) et de l&#8217;audience en ligne \u00e0 l\u2019aide de Tableau<\/li>\n<li style=\"text-align: justify;\">\u00c9laboration de deux programmes de transformation digitale pour la s\u00e9rialisation des produits de deux acteurs majeurs de la grande distribution et de l&#8217;agroalimentaire \u00e0 l&#8217;aide des m\u00e9thodologies Design Thinking et Agile<\/li>\n<li style=\"text-align: justify;\">Benchmark d\u2019une vingtaine de plateformes IA \/ IoT sur la base de six cas d\u2019usage<\/li>\n<li style=\"text-align: justify;\">R\u00e9alisation de deux PoC IIoT pour un cas d&#8217;usage de b\u00e2timent intelligent pour optimiser les co\u00fbts immobiliers et am\u00e9liorer la productivit\u00e9, et un cas d&#8217;usage de logistique connect\u00e9e pour la tra\u00e7abilit\u00e9 et l&#8217;interaction des actifs<\/li>\n<li style=\"text-align: justify;\">Mise en place de la fonction op\u00e9ration vente chez un fournisseur global de solutions pour les r\u00e9seaux mobiles de communication<\/li>\n<li style=\"text-align: justify;\">Direction d&#8217;une \u00e9quipe produits chez un fournisseur global de solutions pour les r\u00e9seaux mobiles de communication et lancement de plusieurs produits intelligents<\/li>\n<\/ul>\n<\/td>\n<\/tr>\n<tr style=\"border-style: none;\">\n<td style=\"width: 100%; border-style: none; text-align: justify; vertical-align: middle; height: 52px;\" colspan=\"2\">\n<p style=\"text-align: left;\">Je suis dipl\u00f4m\u00e9 du MBA d&#8217;HEC Paris et ing\u00e9nieur des T\u00e9l\u00e9communications IMT Atlantique. Je dispose \u00e9galement d&#8217;une ma\u00eetrise en math\u00e9matiques appliqu\u00e9es de l&#8217;Universit\u00e9 Paris 7. Je parle le fran\u00e7ais, l&#8217;anglais et l&#8217;allemand.<\/p>\n<p>Ils m&#8217;ont fait confiance:<\/p>\n<\/td>\n<\/tr>\n<\/tbody>\n<\/table>\n<table style=\"width: 100%; border-collapse: collapse; border: 0px none; height: 400px;\">\n<tbody>\n<tr style=\"border: 0 none;\">\n<td style=\"width: 50%; height: 100px; vertical-align: middle; text-align: center;\"><img loading=\"lazy\" decoding=\"async\" class=\"size-medium wp-image-761\" src=\"https:\/\/fff-consulting.com\/wp-content\/uploads\/2024\/03\/kardex.png\" alt=\"\" width=\"125\" height=\"125\" \/><\/td>\n<td style=\"width: 50%; height: 100px; vertical-align: middle; text-align: center;\"><img loading=\"lazy\" decoding=\"async\" class=\"aligncenter wp-image-707\" src=\"https:\/\/fff-consulting.com\/wp-content\/uploads\/2024\/03\/BMI.png\" alt=\"\" width=\"75\" height=\"75\" \/><\/td>\n<\/tr>\n<tr style=\"border: 0 none;\">\n<td style=\"width: 50%; height: 100px; vertical-align: middle; text-align: center;\"><img loading=\"lazy\" decoding=\"async\" class=\"size-medium wp-image-761\" src=\"https:\/\/fff-consulting.com\/wp-content\/uploads\/2022\/11\/Logo-Dash-black-50.png\" alt=\"\" width=\"150\" height=\"150\" \/><\/td>\n<td style=\"width: 50%; height: 100px; vertical-align: middle; text-align: center;\"><img loading=\"lazy\" decoding=\"async\" class=\"aligncenter wp-image-707\" src=\"https:\/\/fff-consulting.com\/wp-content\/uploads\/2021\/01\/BSH_Bosch_und_Siemens_Hausgerate_logo.svg_-1.png\" alt=\"\" width=\"100\" height=\"100\" \/>BSH Hausger\u00e4te GmbH<\/td>\n<\/tr>\n<tr style=\"border: 0 none;\">\n<td style=\"width: 50%; height: 100px; vertical-align: middle; text-align: center;\"><img loading=\"lazy\" decoding=\"async\" class=\"aligncenter wp-image-714 size-full\" src=\"https:\/\/fff-consulting.com\/wp-content\/uploads\/2021\/01\/CFF.png\" alt=\"\" width=\"100\" height=\"100\" \/><\/td>\n<td style=\"width: 50%; height: 100px; vertical-align: middle; text-align: center;\"><img loading=\"lazy\" decoding=\"async\" class=\"aligncenter wp-image-635\" src=\"https:\/\/fff-consulting.com\/wp-content\/uploads\/2020\/01\/Accenture-Digital.jpg\" alt=\"\" width=\"75\" height=\"75\" srcset=\"https:\/\/fff-consulting.com\/wp-content\/uploads\/2020\/01\/Accenture-Digital.jpg 151w, https:\/\/fff-consulting.com\/wp-content\/uploads\/2020\/01\/Accenture-Digital-100x100.jpg 100w\" sizes=\"(max-width: 75px) 100vw, 75px\" \/>Accenture Digital\u00a0<\/td>\n<\/tr>\n<tr style=\"border: 0 none;\">\n<td style=\"width: 50%; height: 100px; vertical-align: middle; text-align: center;\"><br \/><img loading=\"lazy\" decoding=\"async\" class=\"aligncenter wp-image-636\" src=\"https:\/\/fff-consulting.com\/wp-content\/uploads\/2020\/01\/RS-MNT.jpg\" alt=\"\" width=\"75\" height=\"75\" srcset=\"https:\/\/fff-consulting.com\/wp-content\/uploads\/2020\/01\/RS-MNT.jpg 151w, https:\/\/fff-consulting.com\/wp-content\/uploads\/2020\/01\/RS-MNT-100x100.jpg 100w\" sizes=\"(max-width: 75px) 100vw, 75px\" \/><br \/>Rohde &amp; Schwarz\u00a0MNT<\/td>\n<td style=\"width: 50%; height: 100px; vertical-align: middle; text-align: center;\"><br \/><img loading=\"lazy\" decoding=\"async\" class=\"aligncenter wp-image-637\" src=\"https:\/\/fff-consulting.com\/wp-content\/uploads\/2020\/01\/Orange.png\" alt=\"\" width=\"75\" height=\"75\" srcset=\"https:\/\/fff-consulting.com\/wp-content\/uploads\/2020\/01\/Orange.png 151w, https:\/\/fff-consulting.com\/wp-content\/uploads\/2020\/01\/Orange-100x100.png 100w\" sizes=\"(max-width: 75px) 100vw, 75px\" \/><br \/>Orange Suisse (Salt)<\/td>\n<\/tr>\n<tr style=\"border: 0 none;\">\n<td style=\"width: 50%; height: 100px; vertical-align: middle; text-align: center;\"><br \/><img loading=\"lazy\" decoding=\"async\" class=\"aligncenter wp-image-639\" src=\"https:\/\/fff-consulting.com\/wp-content\/uploads\/2020\/01\/ELCA-1.png\" alt=\"\" width=\"75\" height=\"75\" \/>ELCA Informatique<\/td>\n<\/tr>\n<\/tbody>\n<\/table>\n","protected":false},"excerpt":{"rendered":"<p>Cher Visiteur, Je m&#8217;appelle Franck-Olivier Formis et j&#8217;aide les PME industrielles \u00e0 int\u00e9grer des technologies de pr\u00e9cision pour am\u00e9liorer leur exp\u00e9rience client, mieux utiliser leurs actifs et d\u00e9velopper de nouveaux services et mod\u00e8les d\u2019affaires innovants. Je suis un manager senior, multilingue, orient\u00e9 r\u00e9sultats et avec 20 ans d&#8217;exp\u00e9rience professionnelle dans le conseil, les t\u00e9l\u00e9communications mobile &hellip; <\/p>\n<p class=\"link-more\"><a href=\"https:\/\/fff-consulting.com\/fr\/why-me\" class=\"more-link\">Continue reading<span class=\"screen-reader-text\"> &#8220;Pourquoi me choisir?&#8221;<\/span><\/a><\/p>\n","protected":false},"author":1,"featured_media":0,"parent":0,"menu_order":0,"comment_status":"closed","ping_status":"closed","template":"","meta":{"footnotes":""},"translation":{"provider":"WPGlobus","version":"3.0.2","language":"fr","enabled_languages":["en","de","fr"],"languages":{"en":{"title":true,"content":true,"excerpt":false},"de":{"title":true,"content":true,"excerpt":false},"fr":{"title":true,"content":true,"excerpt":false}}},"yoast_head":"<!-- This site is optimized with the Yoast SEO plugin v24.5 - https:\/\/yoast.com\/wordpress\/plugins\/seo\/ -->\n<title>Pourquoi me choisir? - \u222b\u222b\u222b-consulting<\/title>\n<meta name=\"robots\" content=\"index, follow, max-snippet:-1, max-image-preview:large, max-video-preview:-1\" \/>\n<link rel=\"canonical\" href=\"https:\/\/fff-consulting.com\/why-me\" \/>\n<meta property=\"og:locale\" content=\"fr_FR\" \/>\n<meta property=\"og:type\" content=\"article\" \/>\n<meta property=\"og:title\" content=\"Pourquoi me choisir? - \u222b\u222b\u222b-consulting\" \/>\n<meta property=\"og:url\" content=\"https:\/\/fff-consulting.com\/why-me\" \/>\n<meta property=\"og:site_name\" content=\"\u222b\u222b\u222b-consulting\" \/>\n<meta property=\"article:modified_time\" content=\"2024-03-07T09:45:51+00:00\" \/>\n<meta property=\"og:image\" content=\"https:\/\/fff-consulting.com\/wp-content\/uploads\/2019\/08\/037_bearbeitet-5_aufgehellt-e1565813772492-797x1024.jpg\" \/>\n<meta name=\"twitter:card\" content=\"summary_large_image\" \/>\n<meta name=\"twitter:label1\" content=\"Est. reading time\" \/>\n\t<meta name=\"twitter:data1\" content=\"4 minutes\" \/>\n<script type=\"application\/ld+json\" class=\"yoast-schema-graph\">{\"@context\":\"https:\/\/schema.org\",\"@graph\":[{\"@type\":\"WebPage\",\"@id\":\"https:\/\/fff-consulting.com\/why-me\",\"url\":\"https:\/\/fff-consulting.com\/why-me\",\"name\":\"Pourquoi me choisir? - \u222b\u222b\u222b-consulting\",\"isPartOf\":{\"@id\":\"https:\/\/fff-consulting.com\/#website\"},\"primaryImageOfPage\":{\"@id\":\"https:\/\/fff-consulting.com\/why-me#primaryimage\"},\"image\":{\"@id\":\"https:\/\/fff-consulting.com\/why-me#primaryimage\"},\"thumbnailUrl\":\"https:\/\/fff-consulting.com\/wp-content\/uploads\/2019\/08\/037_bearbeitet-5_aufgehellt-e1565813772492-797x1024.jpg\",\"datePublished\":\"2019-05-22T09:19:40+00:00\",\"dateModified\":\"2024-03-07T09:45:51+00:00\",\"breadcrumb\":{\"@id\":\"https:\/\/fff-consulting.com\/why-me#breadcrumb\"},\"inLanguage\":\"fr-FR\",\"potentialAction\":[{\"@type\":\"ReadAction\",\"target\":[\"https:\/\/fff-consulting.com\/why-me\"]}]},{\"@type\":\"ImageObject\",\"inLanguage\":\"fr-FR\",\"@id\":\"https:\/\/fff-consulting.com\/why-me#primaryimage\",\"url\":\"https:\/\/fff-consulting.com\/wp-content\/uploads\/2019\/08\/037_bearbeitet-5_aufgehellt-e1565813772492-797x1024.jpg\",\"contentUrl\":\"https:\/\/fff-consulting.com\/wp-content\/uploads\/2019\/08\/037_bearbeitet-5_aufgehellt-e1565813772492-797x1024.jpg\"},{\"@type\":\"BreadcrumbList\",\"@id\":\"https:\/\/fff-consulting.com\/why-me#breadcrumb\",\"itemListElement\":[{\"@type\":\"ListItem\",\"position\":1,\"name\":\"Home\",\"item\":\"https:\/\/fff-consulting.com\/\"},{\"@type\":\"ListItem\",\"position\":2,\"name\":\"Why choose me?\"}]},{\"@type\":\"WebSite\",\"@id\":\"https:\/\/fff-consulting.com\/#website\",\"url\":\"https:\/\/fff-consulting.com\/\",\"name\":\"\u222b\u222b\u222b-consulting\",\"description\":\"Digital Consulting Services with Ethos\",\"publisher\":{\"@id\":\"https:\/\/fff-consulting.com\/#organization\"},\"potentialAction\":[{\"@type\":\"SearchAction\",\"target\":{\"@type\":\"EntryPoint\",\"urlTemplate\":\"https:\/\/fff-consulting.com\/?s={search_term_string}\"},\"query-input\":{\"@type\":\"PropertyValueSpecification\",\"valueRequired\":true,\"valueName\":\"search_term_string\"}}],\"inLanguage\":\"fr-FR\"},{\"@type\":\"Organization\",\"@id\":\"https:\/\/fff-consulting.com\/#organization\",\"name\":\"fff-consulting\",\"url\":\"https:\/\/fff-consulting.com\/\",\"logo\":{\"@type\":\"ImageObject\",\"inLanguage\":\"fr-FR\",\"@id\":\"https:\/\/fff-consulting.com\/#\/schema\/logo\/image\/\",\"url\":\"https:\/\/fff-consulting.com\/wp-content\/uploads\/2019\/01\/cropped-Logo.jpg\",\"contentUrl\":\"https:\/\/fff-consulting.com\/wp-content\/uploads\/2019\/01\/cropped-Logo.jpg\",\"width\":190,\"height\":190,\"caption\":\"fff-consulting\"},\"image\":{\"@id\":\"https:\/\/fff-consulting.com\/#\/schema\/logo\/image\/\"}}]}<\/script>\n<!-- \/ Yoast SEO plugin. -->","yoast_head_json":{"title":"Pourquoi me choisir? - \u222b\u222b\u222b-consulting","robots":{"index":"index","follow":"follow","max-snippet":"max-snippet:-1","max-image-preview":"max-image-preview:large","max-video-preview":"max-video-preview:-1"},"canonical":"https:\/\/fff-consulting.com\/why-me","og_locale":"fr_FR","og_type":"article","og_title":"Pourquoi me choisir? - \u222b\u222b\u222b-consulting","og_url":"https:\/\/fff-consulting.com\/why-me","og_site_name":"\u222b\u222b\u222b-consulting","article_modified_time":"2024-03-07T09:45:51+00:00","og_image":[{"url":"https:\/\/fff-consulting.com\/wp-content\/uploads\/2019\/08\/037_bearbeitet-5_aufgehellt-e1565813772492-797x1024.jpg","type":"","width":"","height":""}],"twitter_card":"summary_large_image","twitter_misc":{"Est. reading time":"4 minutes"},"schema":{"@context":"https:\/\/schema.org","@graph":[{"@type":"WebPage","@id":"https:\/\/fff-consulting.com\/why-me","url":"https:\/\/fff-consulting.com\/why-me","name":"Pourquoi me choisir? - \u222b\u222b\u222b-consulting","isPartOf":{"@id":"https:\/\/fff-consulting.com\/#website"},"primaryImageOfPage":{"@id":"https:\/\/fff-consulting.com\/why-me#primaryimage"},"image":{"@id":"https:\/\/fff-consulting.com\/why-me#primaryimage"},"thumbnailUrl":"https:\/\/fff-consulting.com\/wp-content\/uploads\/2019\/08\/037_bearbeitet-5_aufgehellt-e1565813772492-797x1024.jpg","datePublished":"2019-05-22T09:19:40+00:00","dateModified":"2024-03-07T09:45:51+00:00","breadcrumb":{"@id":"https:\/\/fff-consulting.com\/why-me#breadcrumb"},"inLanguage":"fr-FR","potentialAction":[{"@type":"ReadAction","target":["https:\/\/fff-consulting.com\/why-me"]}]},{"@type":"ImageObject","inLanguage":"fr-FR","@id":"https:\/\/fff-consulting.com\/why-me#primaryimage","url":"https:\/\/fff-consulting.com\/wp-content\/uploads\/2019\/08\/037_bearbeitet-5_aufgehellt-e1565813772492-797x1024.jpg","contentUrl":"https:\/\/fff-consulting.com\/wp-content\/uploads\/2019\/08\/037_bearbeitet-5_aufgehellt-e1565813772492-797x1024.jpg"},{"@type":"BreadcrumbList","@id":"https:\/\/fff-consulting.com\/why-me#breadcrumb","itemListElement":[{"@type":"ListItem","position":1,"name":"Home","item":"https:\/\/fff-consulting.com\/"},{"@type":"ListItem","position":2,"name":"Why choose me?"}]},{"@type":"WebSite","@id":"https:\/\/fff-consulting.com\/#website","url":"https:\/\/fff-consulting.com\/","name":"\u222b\u222b\u222b-consulting","description":"Digital Consulting Services with Ethos","publisher":{"@id":"https:\/\/fff-consulting.com\/#organization"},"potentialAction":[{"@type":"SearchAction","target":{"@type":"EntryPoint","urlTemplate":"https:\/\/fff-consulting.com\/?s={search_term_string}"},"query-input":{"@type":"PropertyValueSpecification","valueRequired":true,"valueName":"search_term_string"}}],"inLanguage":"fr-FR"},{"@type":"Organization","@id":"https:\/\/fff-consulting.com\/#organization","name":"fff-consulting","url":"https:\/\/fff-consulting.com\/","logo":{"@type":"ImageObject","inLanguage":"fr-FR","@id":"https:\/\/fff-consulting.com\/#\/schema\/logo\/image\/","url":"https:\/\/fff-consulting.com\/wp-content\/uploads\/2019\/01\/cropped-Logo.jpg","contentUrl":"https:\/\/fff-consulting.com\/wp-content\/uploads\/2019\/01\/cropped-Logo.jpg","width":190,"height":190,"caption":"fff-consulting"},"image":{"@id":"https:\/\/fff-consulting.com\/#\/schema\/logo\/image\/"}}]}},"_links":{"self":[{"href":"https:\/\/fff-consulting.com\/fr\/wp-json\/wp\/v2\/pages\/63"}],"collection":[{"href":"https:\/\/fff-consulting.com\/fr\/wp-json\/wp\/v2\/pages"}],"about":[{"href":"https:\/\/fff-consulting.com\/fr\/wp-json\/wp\/v2\/types\/page"}],"author":[{"embeddable":true,"href":"https:\/\/fff-consulting.com\/fr\/wp-json\/wp\/v2\/users\/1"}],"replies":[{"embeddable":true,"href":"https:\/\/fff-consulting.com\/fr\/wp-json\/wp\/v2\/comments?post=63"}],"version-history":[{"count":264,"href":"https:\/\/fff-consulting.com\/fr\/wp-json\/wp\/v2\/pages\/63\/revisions"}],"predecessor-version":[{"id":858,"href":"https:\/\/fff-consulting.com\/fr\/wp-json\/wp\/v2\/pages\/63\/revisions\/858"}],"wp:attachment":[{"href":"https:\/\/fff-consulting.com\/fr\/wp-json\/wp\/v2\/media?parent=63"}],"curies":[{"name":"wp","href":"https:\/\/api.w.org\/{rel}","templated":true}]}}