{"id":64,"date":"2019-05-22T10:19:40","date_gmt":"2019-05-22T09:19:40","guid":{"rendered":"https:\/\/fff-consulting.com\/?page_id=64"},"modified":"2020-02-12T15:48:05","modified_gmt":"2020-02-12T14:48:05","slug":"what-services","status":"publish","type":"page","link":"https:\/\/fff-consulting.com\/fr\/what-services","title":{"rendered":"Mes services, vos b\u00e9n\u00e9fices"},"content":{"rendered":"\n<p style=\"text-align: justify;\">En tant que business consultant exp\u00e9riment\u00e9, je pr\u00e9pare votre transformation digitale en:<\/p>\n<table style=\"width: 100%; border-collapse: collapse; border-style: none;\">\n<tbody>\n<tr style=\"border-style: none;\">\n<td style=\"width: 1%; text-align: justify; border-style: none; vertical-align: top;\">\u00a0<\/td>\n<td style=\"width: 99%; text-align: justify; border-style: none; vertical-align: top;\">\n<ul style=\"list-style-type: square;\">\n<li style=\"text-align: justify;\"><b>d\u00e9finissant <\/b>vos business cases<\/li>\n<li style=\"text-align: justify;\"><b>concevant <\/b>de nouveaux services et mod\u00e8les d&#8217;affaires<\/li>\n<li style=\"text-align: justify;\"><b>structurant <\/b>votre\u00a0 programme de transformation<\/li>\n<li style=\"text-align: justify;\"><b>prospectant <\/b>le march\u00e9 des solutions et en<strong> i<\/strong><b>dentifiant <\/b>le(s)\u00a0vendeur(s)<\/li>\n<li style=\"text-align: justify;\"><b>g\u00e9rant <\/b>le changement (nouveau mod\u00e8le d&#8217;exploitation et d\u00e9ploiement de la solution)<\/li>\n<\/ul>\n<\/td>\n<\/tr>\n<\/tbody>\n<\/table>\n<p style=\"text-align: justify;\">En tant que responsable chevronn\u00e9 des produits et des op\u00e9rations ventes, je booste vos lancements de produits sur le march\u00e9 en:<\/p>\n<table style=\"width: 100%; border-collapse: collapse; border-style: none;\">\n<tbody>\n<tr style=\"border-style: none;\">\n<td style=\"width: 1%; text-align: justify; border-style: none; vertical-align: top;\">\u00a0<\/td>\n<td style=\"width: 99%; text-align: justify; border-style: none; vertical-align: top;\">\n<ul style=\"list-style-type: square;\">\n<li style=\"text-align: justify;\">vous <b>diff\u00e9renciant <\/b>(strat\u00e9gie produit)<\/li>\n<li style=\"text-align: justify;\"><b>\u00e9duquant <\/b>et en <b>accompagnant <\/b>vos partenaires et vos clients (strat\u00e9gie de canal)<\/li>\n<li style=\"text-align: justify;\"><b>sensibilisant vos clients et vos collaborateurs <\/b>(strat\u00e9gie marketing)<\/li>\n<li style=\"text-align: justify;\"><b>anticipant <\/b>le parcours client (exp\u00e9rience client)<\/li>\n<\/ul>\n<\/td>\n<\/tr>\n<\/tbody>\n<\/table>\n<p>\u00a0<\/p>\n","protected":false},"excerpt":{"rendered":"<p>En tant que business consultant exp\u00e9riment\u00e9, je pr\u00e9pare votre transformation digitale en: \u00a0 d\u00e9finissant vos business cases concevant de nouveaux services et mod\u00e8les d&#8217;affaires structurant votre\u00a0 programme de transformation prospectant le march\u00e9 des solutions et en identifiant le(s)\u00a0vendeur(s) g\u00e9rant le changement (nouveau mod\u00e8le d&#8217;exploitation et d\u00e9ploiement de la solution) En tant que responsable chevronn\u00e9 des &hellip; <\/p>\n<p class=\"link-more\"><a href=\"https:\/\/fff-consulting.com\/fr\/what-services\" class=\"more-link\">Continue reading<span class=\"screen-reader-text\"> &#8220;Mes services, vos b\u00e9n\u00e9fices&#8221;<\/span><\/a><\/p>\n","protected":false},"author":1,"featured_media":0,"parent":0,"menu_order":0,"comment_status":"closed","ping_status":"closed","template":"","meta":{"footnotes":""},"translation":{"provider":"WPGlobus","version":"3.0.2","language":"fr","enabled_languages":["en","de","fr"],"languages":{"en":{"title":true,"content":true,"excerpt":false},"de":{"title":true,"content":true,"excerpt":false},"fr":{"title":true,"content":true,"excerpt":false}}},"yoast_head":"<!-- This site is optimized with the Yoast SEO plugin v24.5 - https:\/\/yoast.com\/wordpress\/plugins\/seo\/ -->\n<title>Mes services, vos b\u00e9n\u00e9fices - \u222b\u222b\u222b-consulting<\/title>\n<meta name=\"robots\" content=\"index, follow, max-snippet:-1, max-image-preview:large, max-video-preview:-1\" \/>\n<link rel=\"canonical\" href=\"https:\/\/fff-consulting.com\/what-services\" \/>\n<meta property=\"og:locale\" content=\"fr_FR\" \/>\n<meta property=\"og:type\" content=\"article\" \/>\n<meta property=\"og:title\" content=\"Mes services, vos b\u00e9n\u00e9fices - \u222b\u222b\u222b-consulting\" \/>\n<meta property=\"og:url\" content=\"https:\/\/fff-consulting.com\/what-services\" \/>\n<meta property=\"og:site_name\" content=\"\u222b\u222b\u222b-consulting\" \/>\n<meta property=\"article:modified_time\" content=\"2020-02-12T14:48:05+00:00\" \/>\n<meta name=\"twitter:card\" content=\"summary_large_image\" \/>\n<meta name=\"twitter:label1\" content=\"Est. reading time\" \/>\n\t<meta name=\"twitter:data1\" content=\"1 minute\" \/>\n<script type=\"application\/ld+json\" class=\"yoast-schema-graph\">{\"@context\":\"https:\/\/schema.org\",\"@graph\":[{\"@type\":\"WebPage\",\"@id\":\"https:\/\/fff-consulting.com\/what-services\",\"url\":\"https:\/\/fff-consulting.com\/what-services\",\"name\":\"Mes services, vos b\u00e9n\u00e9fices - \u222b\u222b\u222b-consulting\",\"isPartOf\":{\"@id\":\"https:\/\/fff-consulting.com\/#website\"},\"datePublished\":\"2019-05-22T09:19:40+00:00\",\"dateModified\":\"2020-02-12T14:48:05+00:00\",\"breadcrumb\":{\"@id\":\"https:\/\/fff-consulting.com\/what-services#breadcrumb\"},\"inLanguage\":\"fr-FR\",\"potentialAction\":[{\"@type\":\"ReadAction\",\"target\":[\"https:\/\/fff-consulting.com\/what-services\"]}]},{\"@type\":\"BreadcrumbList\",\"@id\":\"https:\/\/fff-consulting.com\/what-services#breadcrumb\",\"itemListElement\":[{\"@type\":\"ListItem\",\"position\":1,\"name\":\"Home\",\"item\":\"https:\/\/fff-consulting.com\/\"},{\"@type\":\"ListItem\",\"position\":2,\"name\":\"My services, your benefits\"}]},{\"@type\":\"WebSite\",\"@id\":\"https:\/\/fff-consulting.com\/#website\",\"url\":\"https:\/\/fff-consulting.com\/\",\"name\":\"\u222b\u222b\u222b-consulting\",\"description\":\"Digital Consulting Services with Ethos\",\"publisher\":{\"@id\":\"https:\/\/fff-consulting.com\/#organization\"},\"potentialAction\":[{\"@type\":\"SearchAction\",\"target\":{\"@type\":\"EntryPoint\",\"urlTemplate\":\"https:\/\/fff-consulting.com\/?s={search_term_string}\"},\"query-input\":{\"@type\":\"PropertyValueSpecification\",\"valueRequired\":true,\"valueName\":\"search_term_string\"}}],\"inLanguage\":\"fr-FR\"},{\"@type\":\"Organization\",\"@id\":\"https:\/\/fff-consulting.com\/#organization\",\"name\":\"fff-consulting\",\"url\":\"https:\/\/fff-consulting.com\/\",\"logo\":{\"@type\":\"ImageObject\",\"inLanguage\":\"fr-FR\",\"@id\":\"https:\/\/fff-consulting.com\/#\/schema\/logo\/image\/\",\"url\":\"https:\/\/fff-consulting.com\/wp-content\/uploads\/2019\/01\/cropped-Logo.jpg\",\"contentUrl\":\"https:\/\/fff-consulting.com\/wp-content\/uploads\/2019\/01\/cropped-Logo.jpg\",\"width\":190,\"height\":190,\"caption\":\"fff-consulting\"},\"image\":{\"@id\":\"https:\/\/fff-consulting.com\/#\/schema\/logo\/image\/\"}}]}<\/script>\n<!-- \/ Yoast SEO plugin. -->","yoast_head_json":{"title":"Mes services, vos b\u00e9n\u00e9fices - \u222b\u222b\u222b-consulting","robots":{"index":"index","follow":"follow","max-snippet":"max-snippet:-1","max-image-preview":"max-image-preview:large","max-video-preview":"max-video-preview:-1"},"canonical":"https:\/\/fff-consulting.com\/what-services","og_locale":"fr_FR","og_type":"article","og_title":"Mes services, vos b\u00e9n\u00e9fices - \u222b\u222b\u222b-consulting","og_url":"https:\/\/fff-consulting.com\/what-services","og_site_name":"\u222b\u222b\u222b-consulting","article_modified_time":"2020-02-12T14:48:05+00:00","twitter_card":"summary_large_image","twitter_misc":{"Est. reading time":"1 minute"},"schema":{"@context":"https:\/\/schema.org","@graph":[{"@type":"WebPage","@id":"https:\/\/fff-consulting.com\/what-services","url":"https:\/\/fff-consulting.com\/what-services","name":"Mes services, vos b\u00e9n\u00e9fices - \u222b\u222b\u222b-consulting","isPartOf":{"@id":"https:\/\/fff-consulting.com\/#website"},"datePublished":"2019-05-22T09:19:40+00:00","dateModified":"2020-02-12T14:48:05+00:00","breadcrumb":{"@id":"https:\/\/fff-consulting.com\/what-services#breadcrumb"},"inLanguage":"fr-FR","potentialAction":[{"@type":"ReadAction","target":["https:\/\/fff-consulting.com\/what-services"]}]},{"@type":"BreadcrumbList","@id":"https:\/\/fff-consulting.com\/what-services#breadcrumb","itemListElement":[{"@type":"ListItem","position":1,"name":"Home","item":"https:\/\/fff-consulting.com\/"},{"@type":"ListItem","position":2,"name":"My services, your benefits"}]},{"@type":"WebSite","@id":"https:\/\/fff-consulting.com\/#website","url":"https:\/\/fff-consulting.com\/","name":"\u222b\u222b\u222b-consulting","description":"Digital Consulting Services with Ethos","publisher":{"@id":"https:\/\/fff-consulting.com\/#organization"},"potentialAction":[{"@type":"SearchAction","target":{"@type":"EntryPoint","urlTemplate":"https:\/\/fff-consulting.com\/?s={search_term_string}"},"query-input":{"@type":"PropertyValueSpecification","valueRequired":true,"valueName":"search_term_string"}}],"inLanguage":"fr-FR"},{"@type":"Organization","@id":"https:\/\/fff-consulting.com\/#organization","name":"fff-consulting","url":"https:\/\/fff-consulting.com\/","logo":{"@type":"ImageObject","inLanguage":"fr-FR","@id":"https:\/\/fff-consulting.com\/#\/schema\/logo\/image\/","url":"https:\/\/fff-consulting.com\/wp-content\/uploads\/2019\/01\/cropped-Logo.jpg","contentUrl":"https:\/\/fff-consulting.com\/wp-content\/uploads\/2019\/01\/cropped-Logo.jpg","width":190,"height":190,"caption":"fff-consulting"},"image":{"@id":"https:\/\/fff-consulting.com\/#\/schema\/logo\/image\/"}}]}},"_links":{"self":[{"href":"https:\/\/fff-consulting.com\/fr\/wp-json\/wp\/v2\/pages\/64"}],"collection":[{"href":"https:\/\/fff-consulting.com\/fr\/wp-json\/wp\/v2\/pages"}],"about":[{"href":"https:\/\/fff-consulting.com\/fr\/wp-json\/wp\/v2\/types\/page"}],"author":[{"embeddable":true,"href":"https:\/\/fff-consulting.com\/fr\/wp-json\/wp\/v2\/users\/1"}],"replies":[{"embeddable":true,"href":"https:\/\/fff-consulting.com\/fr\/wp-json\/wp\/v2\/comments?post=64"}],"version-history":[{"count":38,"href":"https:\/\/fff-consulting.com\/fr\/wp-json\/wp\/v2\/pages\/64\/revisions"}],"predecessor-version":[{"id":698,"href":"https:\/\/fff-consulting.com\/fr\/wp-json\/wp\/v2\/pages\/64\/revisions\/698"}],"wp:attachment":[{"href":"https:\/\/fff-consulting.com\/fr\/wp-json\/wp\/v2\/media?parent=64"}],"curies":[{"name":"wp","href":"https:\/\/api.w.org\/{rel}","templated":true}]}}