{"id":69,"date":"2019-05-22T10:19:40","date_gmt":"2019-05-22T09:19:40","guid":{"rendered":"https:\/\/fff-consulting.com\/?page_id=69"},"modified":"2020-01-19T23:40:06","modified_gmt":"2020-01-19T22:40:06","slug":"the-quest-for-happiness","status":"publish","type":"page","link":"https:\/\/fff-consulting.com\/fr\/the-quest-for-happiness","title":{"rendered":"La qu\u00eate du bonheur"},"content":{"rendered":"\n<p>Selon moi les technologies num\u00e9riques ont le pouvoir de lib\u00e9rer les individus de t\u00e2ches longues et r\u00e9p\u00e9titives, leur permettant ainsi de concentrer leur \u00e9nergie \u00e0 leurs propres passions et de s&#8217;accomplir.<\/p>\n<p>Yuval Harari \u00e9crivit dans son livre &#8221; Homo Deus : une br\u00e8ve histoire de demain&#8221; que le deuxi\u00e8me grand projet (apr\u00e8s la qu\u00eate de la jeunesse \u00e9ternelle) sur l&#8217;agenda du genre humain sera probablement la qu\u00eate du bonheur.<\/p>\n","protected":false},"excerpt":{"rendered":"<p>Selon moi les technologies num\u00e9riques ont le pouvoir de lib\u00e9rer les individus de t\u00e2ches longues et r\u00e9p\u00e9titives, leur permettant ainsi de concentrer leur \u00e9nergie \u00e0 leurs propres passions et de s&#8217;accomplir. Yuval Harari \u00e9crivit dans son livre &#8221; Homo Deus : une br\u00e8ve histoire de demain&#8221; que le deuxi\u00e8me grand projet (apr\u00e8s la qu\u00eate de &hellip; <\/p>\n<p class=\"link-more\"><a href=\"https:\/\/fff-consulting.com\/fr\/the-quest-for-happiness\" class=\"more-link\">Continue reading<span class=\"screen-reader-text\"> &#8220;La qu\u00eate du bonheur&#8221;<\/span><\/a><\/p>\n","protected":false},"author":1,"featured_media":0,"parent":0,"menu_order":0,"comment_status":"closed","ping_status":"closed","template":"","meta":{"footnotes":""},"translation":{"provider":"WPGlobus","version":"3.0.2","language":"fr","enabled_languages":["en","de","fr"],"languages":{"en":{"title":true,"content":true,"excerpt":false},"de":{"title":true,"content":true,"excerpt":false},"fr":{"title":true,"content":true,"excerpt":false}}},"yoast_head":"<!-- This site is optimized with the Yoast SEO plugin v24.5 - https:\/\/yoast.com\/wordpress\/plugins\/seo\/ -->\n<title>La qu\u00eate du bonheur - \u222b\u222b\u222b-consulting<\/title>\n<meta name=\"robots\" content=\"index, follow, max-snippet:-1, max-image-preview:large, max-video-preview:-1\" \/>\n<link rel=\"canonical\" href=\"https:\/\/fff-consulting.com\/the-quest-for-happiness\" \/>\n<meta property=\"og:locale\" content=\"fr_FR\" \/>\n<meta property=\"og:type\" content=\"article\" \/>\n<meta property=\"og:title\" content=\"La qu\u00eate du bonheur - \u222b\u222b\u222b-consulting\" \/>\n<meta property=\"og:url\" content=\"https:\/\/fff-consulting.com\/the-quest-for-happiness\" \/>\n<meta property=\"og:site_name\" content=\"\u222b\u222b\u222b-consulting\" \/>\n<meta property=\"article:modified_time\" content=\"2020-01-19T22:40:06+00:00\" \/>\n<meta name=\"twitter:card\" content=\"summary_large_image\" \/>\n<meta name=\"twitter:label1\" content=\"Est. reading time\" \/>\n\t<meta name=\"twitter:data1\" content=\"1 minute\" \/>\n<script type=\"application\/ld+json\" class=\"yoast-schema-graph\">{\"@context\":\"https:\/\/schema.org\",\"@graph\":[{\"@type\":\"WebPage\",\"@id\":\"https:\/\/fff-consulting.com\/the-quest-for-happiness\",\"url\":\"https:\/\/fff-consulting.com\/the-quest-for-happiness\",\"name\":\"La qu\u00eate du bonheur - \u222b\u222b\u222b-consulting\",\"isPartOf\":{\"@id\":\"https:\/\/fff-consulting.com\/#website\"},\"datePublished\":\"2019-05-22T09:19:40+00:00\",\"dateModified\":\"2020-01-19T22:40:06+00:00\",\"breadcrumb\":{\"@id\":\"https:\/\/fff-consulting.com\/the-quest-for-happiness#breadcrumb\"},\"inLanguage\":\"fr-FR\",\"potentialAction\":[{\"@type\":\"ReadAction\",\"target\":[\"https:\/\/fff-consulting.com\/the-quest-for-happiness\"]}]},{\"@type\":\"BreadcrumbList\",\"@id\":\"https:\/\/fff-consulting.com\/the-quest-for-happiness#breadcrumb\",\"itemListElement\":[{\"@type\":\"ListItem\",\"position\":1,\"name\":\"Home\",\"item\":\"https:\/\/fff-consulting.com\/\"},{\"@type\":\"ListItem\",\"position\":2,\"name\":\"The quest for happiness\"}]},{\"@type\":\"WebSite\",\"@id\":\"https:\/\/fff-consulting.com\/#website\",\"url\":\"https:\/\/fff-consulting.com\/\",\"name\":\"\u222b\u222b\u222b-consulting\",\"description\":\"Digital Consulting Services with Ethos\",\"publisher\":{\"@id\":\"https:\/\/fff-consulting.com\/#organization\"},\"potentialAction\":[{\"@type\":\"SearchAction\",\"target\":{\"@type\":\"EntryPoint\",\"urlTemplate\":\"https:\/\/fff-consulting.com\/?s={search_term_string}\"},\"query-input\":{\"@type\":\"PropertyValueSpecification\",\"valueRequired\":true,\"valueName\":\"search_term_string\"}}],\"inLanguage\":\"fr-FR\"},{\"@type\":\"Organization\",\"@id\":\"https:\/\/fff-consulting.com\/#organization\",\"name\":\"fff-consulting\",\"url\":\"https:\/\/fff-consulting.com\/\",\"logo\":{\"@type\":\"ImageObject\",\"inLanguage\":\"fr-FR\",\"@id\":\"https:\/\/fff-consulting.com\/#\/schema\/logo\/image\/\",\"url\":\"https:\/\/fff-consulting.com\/wp-content\/uploads\/2019\/01\/cropped-Logo.jpg\",\"contentUrl\":\"https:\/\/fff-consulting.com\/wp-content\/uploads\/2019\/01\/cropped-Logo.jpg\",\"width\":190,\"height\":190,\"caption\":\"fff-consulting\"},\"image\":{\"@id\":\"https:\/\/fff-consulting.com\/#\/schema\/logo\/image\/\"}}]}<\/script>\n<!-- \/ Yoast SEO plugin. -->","yoast_head_json":{"title":"La qu\u00eate du bonheur - \u222b\u222b\u222b-consulting","robots":{"index":"index","follow":"follow","max-snippet":"max-snippet:-1","max-image-preview":"max-image-preview:large","max-video-preview":"max-video-preview:-1"},"canonical":"https:\/\/fff-consulting.com\/the-quest-for-happiness","og_locale":"fr_FR","og_type":"article","og_title":"La qu\u00eate du bonheur - \u222b\u222b\u222b-consulting","og_url":"https:\/\/fff-consulting.com\/the-quest-for-happiness","og_site_name":"\u222b\u222b\u222b-consulting","article_modified_time":"2020-01-19T22:40:06+00:00","twitter_card":"summary_large_image","twitter_misc":{"Est. reading time":"1 minute"},"schema":{"@context":"https:\/\/schema.org","@graph":[{"@type":"WebPage","@id":"https:\/\/fff-consulting.com\/the-quest-for-happiness","url":"https:\/\/fff-consulting.com\/the-quest-for-happiness","name":"La qu\u00eate du bonheur - \u222b\u222b\u222b-consulting","isPartOf":{"@id":"https:\/\/fff-consulting.com\/#website"},"datePublished":"2019-05-22T09:19:40+00:00","dateModified":"2020-01-19T22:40:06+00:00","breadcrumb":{"@id":"https:\/\/fff-consulting.com\/the-quest-for-happiness#breadcrumb"},"inLanguage":"fr-FR","potentialAction":[{"@type":"ReadAction","target":["https:\/\/fff-consulting.com\/the-quest-for-happiness"]}]},{"@type":"BreadcrumbList","@id":"https:\/\/fff-consulting.com\/the-quest-for-happiness#breadcrumb","itemListElement":[{"@type":"ListItem","position":1,"name":"Home","item":"https:\/\/fff-consulting.com\/"},{"@type":"ListItem","position":2,"name":"The quest for happiness"}]},{"@type":"WebSite","@id":"https:\/\/fff-consulting.com\/#website","url":"https:\/\/fff-consulting.com\/","name":"\u222b\u222b\u222b-consulting","description":"Digital Consulting Services with Ethos","publisher":{"@id":"https:\/\/fff-consulting.com\/#organization"},"potentialAction":[{"@type":"SearchAction","target":{"@type":"EntryPoint","urlTemplate":"https:\/\/fff-consulting.com\/?s={search_term_string}"},"query-input":{"@type":"PropertyValueSpecification","valueRequired":true,"valueName":"search_term_string"}}],"inLanguage":"fr-FR"},{"@type":"Organization","@id":"https:\/\/fff-consulting.com\/#organization","name":"fff-consulting","url":"https:\/\/fff-consulting.com\/","logo":{"@type":"ImageObject","inLanguage":"fr-FR","@id":"https:\/\/fff-consulting.com\/#\/schema\/logo\/image\/","url":"https:\/\/fff-consulting.com\/wp-content\/uploads\/2019\/01\/cropped-Logo.jpg","contentUrl":"https:\/\/fff-consulting.com\/wp-content\/uploads\/2019\/01\/cropped-Logo.jpg","width":190,"height":190,"caption":"fff-consulting"},"image":{"@id":"https:\/\/fff-consulting.com\/#\/schema\/logo\/image\/"}}]}},"_links":{"self":[{"href":"https:\/\/fff-consulting.com\/fr\/wp-json\/wp\/v2\/pages\/69"}],"collection":[{"href":"https:\/\/fff-consulting.com\/fr\/wp-json\/wp\/v2\/pages"}],"about":[{"href":"https:\/\/fff-consulting.com\/fr\/wp-json\/wp\/v2\/types\/page"}],"author":[{"embeddable":true,"href":"https:\/\/fff-consulting.com\/fr\/wp-json\/wp\/v2\/users\/1"}],"replies":[{"embeddable":true,"href":"https:\/\/fff-consulting.com\/fr\/wp-json\/wp\/v2\/comments?post=69"}],"version-history":[{"count":19,"href":"https:\/\/fff-consulting.com\/fr\/wp-json\/wp\/v2\/pages\/69\/revisions"}],"predecessor-version":[{"id":689,"href":"https:\/\/fff-consulting.com\/fr\/wp-json\/wp\/v2\/pages\/69\/revisions\/689"}],"wp:attachment":[{"href":"https:\/\/fff-consulting.com\/fr\/wp-json\/wp\/v2\/media?parent=69"}],"curies":[{"name":"wp","href":"https:\/\/api.w.org\/{rel}","templated":true}]}}